{"id":5089,"date":"2020-07-17T17:09:58","date_gmt":"2020-07-17T15:09:58","guid":{"rendered":"http:\/\/www.krakauer-haus.de\/?page_id=5089"},"modified":"2020-07-17T20:09:37","modified_gmt":"2020-07-17T18:09:37","slug":"bartosz-kokosinski-geschlossene-aussicht","status":"publish","type":"page","link":"https:\/\/www.krakauer-haus.de\/kh-test\/index.php\/bartosz-kokosinski-geschlossene-aussicht\/","title":{"rendered":"Bartosz Kokosinski GESCHLOSSENE AUSSICHT"},"content":{"rendered":"<p>[et_pb_section fb_built=&#8220;1&#8243; admin_label=&#8220;section&#8220; _builder_version=&#8220;3.22&#8243;][et_pb_row admin_label=&#8220;row&#8220; _builder_version=&#8220;3.25&#8243; background_size=&#8220;initial&#8220; background_position=&#8220;top_left&#8220; background_repeat=&#8220;repeat&#8220;][et_pb_column type=&#8220;4_4&#8243; _builder_version=&#8220;3.25&#8243; custom_padding=&#8220;|||&#8220; custom_padding__hover=&#8220;|||&#8220;][et_pb_text _builder_version=&#8220;4.4.9&#8243;]<\/p>\n<h1 style=\"text-align: center;\"><strong>GESCHLOSSENE AUSSICHT<\/strong><\/h1>\n<p>[\/et_pb_text][et_pb_gallery gallery_ids=&#8220;5167,5164,5152&#8243; fullwidth=&#8220;on&#8220; hover_icon=&#8220;%%198%%&#8220; _builder_version=&#8220;4.4.9&#8243; module_alignment=&#8220;center&#8220; hover_enabled=&#8220;0&#8243;][\/et_pb_gallery][\/et_pb_column][\/et_pb_row][et_pb_row _builder_version=&#8220;4.4.9&#8243;][et_pb_column type=&#8220;4_4&#8243; _builder_version=&#8220;4.4.9&#8243;][\/et_pb_column][\/et_pb_row][et_pb_row column_structure=&#8220;1_2,1_2&#8243; _builder_version=&#8220;4.4.9&#8243;][et_pb_column type=&#8220;1_2&#8243; _builder_version=&#8220;4.4.9&#8243;][et_pb_text _builder_version=&#8220;4.4.9&#8243; hover_enabled=&#8220;0&#8243;]<\/p>\n<p>Bartosz Kokosinski studierte Malerei. Bereits w\u00e4hrend seines Studiums an der Krakauer Akademie der bildenden K\u00fcnste wurde die Malerei f\u00fcr ihn zum Beginn einer Diskussion, die Koskosinski inzwischen seit fast 10 Jahren mit seinen eigenen Gem\u00e4lden f\u00fchrt.<\/p>\n<p>Kokosinski fragt nach der Zweckm\u00e4\u00dfigkeit der Malerei und wird so Teil des st\u00e4ndig wiederbelebenden Diskurses.<br \/> Er schafft ein Bild, das sich seiner Grenzen bewusst ist. Leinwand ist f\u00fcr Bartek nicht mehr nur ein Malmedium oder ein Grund zum \u00dcbermalen. Die Leinwand beginnt das gleiche zu sein, was Kokosinski darstellen m\u00f6chte.<br \/> F\u00fcr ihn ist der Rahmen ein wichtiger Teil des Bildes.<br \/> Einerseits trennt der Bilderrahmen den Inhalt des Gem\u00e4ldes vom Rest der Welt, beschr\u00e4nkt jedoch (und dies ist ein zentrales Thema f\u00fcr Kokosinski) das Malen auf diese Rahmen.<\/p>\n<p>Um diese Rahmenbeschr\u00e4nkung aufzuzeigen, weicht Kokosinski von dem, was f\u00fcr die Malerei so charakteristisch ist, von seiner Zweidimensionalit\u00e4t ab.<br \/> Aus den Bildern wird der Inhalt &#8222;ausgegossen&#8220;, wodurch dreidimensionale Objekte entstehen.<\/p>\n<p>&nbsp;<\/p>\n<p>Bartosz Kokosinski beschloss in N\u00fcrnberg eine Wand des Krakauer Hausgeb\u00e4udes zu bearbeiten.<br \/> Und wieder wurden das Hauptthema seiner Arbeit die Rahmen.<br \/> Bartosz konfrontierte den Fensterrahmen mit dem Bilderrahmen.\u00a0Einerseits schlie\u00dft das Fenster in Rahmen ein zuf\u00e4lligen Landschaft ein, andererseits erm\u00f6glicht es uns, durch seine Rahmen in den Raum zu schauen, der im Prinzip geschlossen ist und etwas Privatsph\u00e4re zu sch\u00fctzen scheint.<\/p>\n<p>Bartosz baut diese Fenster zu und bedeckt sie mit einem neuen Bild.<br \/> Der Blick aus dem Fenster, an den alle Bewohner des Hauses gew\u00f6hnt waren, wurde pl\u00f6tzlich von einem undefinierten Objekt verdeckt, was in uns ein Gef\u00fchl der Begrenzung und Unsicherheit hervorrufen kann.<\/p>\n<p>Und dieser Eingriff ist kein Zufall. Die Arbeit entstand zu einer Zeit, auf die keiner von uns vorbereitet war. Die Pandemie, der unser komfortables strukturiertes Leben Tag f\u00fcr Tag in Unsicherheit verwandelte, sperrte uns mit unseren oft zuf\u00e4lligen Fensteraussichten in H\u00e4user ein.<\/p>\n<p>Wenn wir von der Stra\u00dfe aus auf die Fassade des Krakauer Hauses schauen, sehen wir 3 blaue Vierecke anstelle der Fenster. Die blaue Farbe hat beruhigende Eigenschaften. Ohne Fenster wird die Fassade des Hauses zu einer flachen Wand, an die der Maler seine Bilder geh\u00e4ngt hat.<br \/> Wenn wir uns die abstrakte blaue Kompositionen ansehen, k\u00f6nnen wir die Linien darin sehen, vielleicht ist es der Horizont?<\/p>\n<p>&nbsp;<\/p>\n<p>Kokosinski wollte N\u00fcrnberg neue Ansichten geben, brachte und h\u00e4ngte seine abstrakte Landschaft auf. Wie bei Bartek \u00fcblich war es jedoch nicht m\u00f6glich, alles in vier Rahmen zu schlie\u00dfen. Der Inhalt eines Bildes sprang aus dem Rahmen.<\/p>\n<p>Es kann eine Meereswelle aus der Nachbarlandschaft sein.<\/p>\n<p>Oder vielleicht ist es ein M\u00fcllsack, der sich auch in die benachbarte Landschaft der st\u00e4dtischen M\u00fclleimer einf\u00fcgt&#8230;<\/p>\n<p>Im Video (<a href=\"https:\/\/www.youtube.com\/watch?v=wCSiCVMa4sw&amp;t=7s\" target=\"_blank\" rel=\"noopener noreferrer\">hier<\/a>) k\u00f6nnen wir sehen, dass die unelegante Konnotation von Kokosinskis Arbeit mit dem M\u00fcll vielleicht nicht ganz falsch ist. Bartek sammelt Gegenst\u00e4nde, die sp\u00e4ter nicht in seine Bilder passen. Er nennt es die M\u00fcllabfuhr selbst.<\/p>\n<p><a href=\"https:\/\/www.prusik-lutz.com\/\" data-saferedirecturl=\"https:\/\/www.google.com\/url?q=https:\/\/www.prusik-lutz.com&amp;source=gmail&amp;ust=1595084129241000&amp;usg=AFQjCNHS-yh_qQyxwDgcM_-JkXE-0Rjn7Q\"><\/a><\/p>\n<p>[\/et_pb_text][\/et_pb_column][et_pb_column type=&#8220;1_2&#8243; _builder_version=&#8220;4.4.9&#8243;][et_pb_gallery gallery_ids=&#8220;5117,5100,5105,5103,5097,5104,5099,5101,5102,5098&#8243; posts_number=&#8220;10&#8243; show_pagination=&#8220;off&#8220; _builder_version=&#8220;4.4.9&#8243;][\/et_pb_gallery][\/et_pb_column][\/et_pb_row][et_pb_row _builder_version=&#8220;4.4.9&#8243;][et_pb_column type=&#8220;4_4&#8243; _builder_version=&#8220;4.4.9&#8243;][\/et_pb_column][\/et_pb_row][\/et_pb_section]<\/p>\n","protected":false},"excerpt":{"rendered":"<p>GESCHLOSSENE AUSSICHTBartosz Kokosinski studierte Malerei. Bereits w\u00e4hrend seines Studiums an der Krakauer Akademie der bildenden K\u00fcnste wurde die Malerei f\u00fcr ihn zum Beginn einer Diskussion, die Koskosinski inzwischen seit fast [&hellip;]<\/p>\n","protected":false},"author":2,"featured_media":0,"parent":0,"menu_order":0,"comment_status":"closed","ping_status":"closed","template":"","meta":{"_et_pb_use_builder":"on","_et_pb_old_content":"Bartosz Kokosinski studierte Malerei. Bereits w\u00e4hrend seines Studiums an der Krakauer Akademie der bildenden K\u00fcnste wurde die Malerei f\u00fcr ihn zum Beginn einer Diskussion, die Koskosinski inzwischen seit fast 10 Jahren mit seinen eigenen Gem\u00e4lden f\u00fchrt.\r\n\r\nKokosinski fragt nach der Zweckm\u00e4\u00dfigkeit der Malerei und wird so Teil des st\u00e4ndig wiederbelebenden Diskurses.\r\n\r\nKokosisnki schafft ein Bild, das sich seiner Grenzen bewusst ist. Leinwand ist f\u00fcr Bartek nicht mehr nur ein Malmedium oder ein Grund zum \u00dcbermalen. Die Leinwand beginnt das gleiche zu sein, was Kokosinski darstellen m\u00f6chte. F\u00fcr ihn ist auch der Rahmen ein wichtiger Teil des Bildes.\r\n\r\nEinerseits trennt der Bilderrahmen den Inhalt des Gem\u00e4ldes vom Rest der Welt, beschr\u00e4nkt jedoch (und dies ist ein zentrales Thema f\u00fcr Kokosinski) das Malen auf diese Rahmen.\r\n\r\nUm diese Rahmenbeschr\u00e4nkung aufzuzeigen, weicht Kokosinski von dem, was f\u00fcr die Malerei so charakteristisch ist, von seiner Zweidimensionalit\u00e4t ab.\r\n\r\nAus den Bildern wird der Inhalt ausgegossen, wodurch dreidimensionale Objekte entstehen.\r\n\r\n&nbsp;\r\n\r\nBartosz Kokosinski beschloss in N\u00fcrnberg eine Wand des Krakauer Hausgeb\u00e4udes zu durcharbeiten.\r\n\r\n&nbsp;\r\n\r\nUnd wieder wurden das Hauptthema seiner Arbeit die Rahmen. Bartosz konfrontierte den Fensterrahmen mit dem Bilderrahmen.\r\n\r\nEinerseits schlie\u00dft das Fenster in Rahmen ein zuf\u00e4lligen Landschaft ein, andererseits erm\u00f6glicht es uns, durch seine Rahmen in den Raum zu schauen, der im Prinzip geschlossen ist und etwas Privatsph\u00e4re zu sch\u00fctzen scheint.\r\n\r\n&nbsp;\r\n\r\nBartosz baut diese Fenster zu und bedeckt sie mit einem neuen Bild ein.\r\n\r\n&nbsp;\r\n\r\nDer Blick aus dem Fenster, an den alle Bewohner des Hauses gew\u00f6hnt waren, wurde pl\u00f6tzlich von einem undefinierten Objekt verdeckt, was in uns ein Gef\u00fchl der Begrenzung und Unsicherheit hervorrief.\r\n\r\nUnd dieser Eingriff ist kein Zufall. Die Arbeit entstand zu einer Zeit, auf die keiner von uns vorbereitet war. Pandemie, der unser komfortables strukturiertes Leben Tag f\u00fcr Tag in Unsicherheit verwandelte, sperrte uns mit unseren oft zuf\u00e4lligen Fensteransichten in H\u00e4user ein.\r\n\r\n&nbsp;\r\n\r\nWenn wir von der Stra\u00dfe aus auf die Fassade des Krakauer Hauses schauen, sehen wir 3 blaue Quadrate anstelle der Fenster. Die blaue Farbe hat beruhigende Eigenschaften. Ohne Fenster wird die Fassade des Hauses zu einer flachen Wand, an die der Maler seine Bilder geh\u00e4ngt hat. Wenn wir uns die abstrakte Komposition ansehen, k\u00f6nnen wir die Linien darin sehen, vielleicht ist es der Horizont?\r\n\r\n&nbsp;\r\n\r\nKokosinski wollte N\u00fcrnberg neue Ansichten geben, brachte und h\u00e4ngte seine abstrakte Landschaft auf. Wie bei Bartek \u00fcblich war es jedoch nicht m\u00f6glich, alles in vier Rahmen zu schlie\u00dfen. Der Inhalt eines Bildes sprang aus dem Rahmen.\r\n\r\nEs kann eine Meereswelle aus der Nachbarlandschaft sein.\r\n\r\nOder vielleicht ist es ein M\u00fcllsack, der sich auch in die benachbarte Landschaft der st\u00e4dtischen M\u00fclleimer einf\u00fcgt. Im Video oben k\u00f6nnen wir sehen, dass die unelegante Konnotation von Kokosinskis Arbeit mit dem M\u00fcll vielleicht nicht ganz falsch ist. Bartek sammelt Gegenst\u00e4nde, die sp\u00e4ter nicht in seine Bilder passen. Er nennt es die M\u00fcllabfuhr selbst.","_et_gb_content_width":"","_price":"","_stock":"","_tribe_ticket_header":"","_tribe_default_ticket_provider":"","_tribe_ticket_capacity":"0","_ticket_start_date":"","_ticket_end_date":"","_tribe_ticket_show_description":"","_tribe_ticket_show_not_going":false,"_tribe_ticket_use_global_stock":"","_tribe_ticket_global_stock_level":"","_global_stock_mode":"","_global_stock_cap":"","_tribe_rsvp_for_event":"","_tribe_ticket_going_count":"","_tribe_ticket_not_going_count":"","_tribe_tickets_list":"[]","_tribe_ticket_has_attendee_info_fields":false,"footnotes":"","_tec_slr_enabled":"","_tec_slr_layout":""},"class_list":["post-5089","page","type-page","status-publish","hentry"],"ticketed":false,"_links":{"self":[{"href":"https:\/\/www.krakauer-haus.de\/kh-test\/index.php\/wp-json\/wp\/v2\/pages\/5089","targetHints":{"allow":["GET"]}}],"collection":[{"href":"https:\/\/www.krakauer-haus.de\/kh-test\/index.php\/wp-json\/wp\/v2\/pages"}],"about":[{"href":"https:\/\/www.krakauer-haus.de\/kh-test\/index.php\/wp-json\/wp\/v2\/types\/page"}],"author":[{"embeddable":true,"href":"https:\/\/www.krakauer-haus.de\/kh-test\/index.php\/wp-json\/wp\/v2\/users\/2"}],"replies":[{"embeddable":true,"href":"https:\/\/www.krakauer-haus.de\/kh-test\/index.php\/wp-json\/wp\/v2\/comments?post=5089"}],"version-history":[{"count":16,"href":"https:\/\/www.krakauer-haus.de\/kh-test\/index.php\/wp-json\/wp\/v2\/pages\/5089\/revisions"}],"predecessor-version":[{"id":5178,"href":"https:\/\/www.krakauer-haus.de\/kh-test\/index.php\/wp-json\/wp\/v2\/pages\/5089\/revisions\/5178"}],"wp:attachment":[{"href":"https:\/\/www.krakauer-haus.de\/kh-test\/index.php\/wp-json\/wp\/v2\/media?parent=5089"}],"curies":[{"name":"wp","href":"https:\/\/api.w.org\/{rel}","templated":true}]}}