{"id":3,"date":"2018-12-04T23:22:54","date_gmt":"2018-12-04T22:22:54","guid":{"rendered":"http:\/\/www.krakauer-haus.de\/kh-test\/?page_id=3"},"modified":"2023-01-10T16:05:35","modified_gmt":"2023-01-10T15:05:35","slug":"datenschutzerklaerung","status":"publish","type":"page","link":"https:\/\/www.krakauer-haus.de\/kh-test\/index.php\/datenschutzerklaerung\/","title":{"rendered":"Datenschutzerkl\u00e4rung"},"content":{"rendered":"<p>[et_pb_section fb_built=&#8220;1&#8243; admin_label=&#8220;section&#8220; _builder_version=&#8220;3.22&#8243;][et_pb_row admin_label=&#8220;row&#8220; _builder_version=&#8220;3.25&#8243; background_size=&#8220;initial&#8220; background_position=&#8220;top_left&#8220; background_repeat=&#8220;repeat&#8220;][et_pb_column type=&#8220;4_4&#8243; _builder_version=&#8220;3.25&#8243; custom_padding=&#8220;|||&#8220; custom_padding__hover=&#8220;|||&#8220;][et_pb_text admin_label=&#8220;Text&#8220; _builder_version=&#8220;4.8.2&#8243; background_size=&#8220;initial&#8220; background_position=&#8220;top_left&#8220; background_repeat=&#8220;repeat&#8220; hover_enabled=&#8220;0&#8243; sticky_enabled=&#8220;0&#8243;]<\/p>\n<div class=\"page\" title=\"Page 2\">\n<div class=\"section\">\n<div class=\"layoutArea\">\n<div class=\"column\">\n<p><strong>Datenschutzerkla\u0308rung<\/strong><\/p>\n<p>&nbsp;<\/p>\n<p><strong>1. Datenschutz auf einen Blick <\/strong><\/p>\n<p><strong>Allgemeine Hinweise<\/strong><\/p>\n<p>Die folgenden Hinweise geben einen einfachen U\u0308berblick daru\u0308ber, was mit Ihren personenbezogenen Daten passiert, wenn Sie diese Website besuchen. Personenbezogene Daten sind alle Daten, mit denen Sie perso\u0308nlich identifiziert werden ko\u0308nnen. Ausfu\u0308hrliche Informationen zum Thema Datenschutz entnehmen Sie unserer unter diesem Text aufgefu\u0308hrten Datenschutzerkla\u0308rung.<\/p>\n<p><strong>Datenerfassung auf dieser Website<br \/>Wer ist verantwortlich fu\u0308r die Datenerfassung auf dieser Website?<\/strong><\/p>\n<p>Die Datenverarbeitung auf dieser Website erfolgt durch den Websitebetreiber. Dessen Kontaktdaten ko\u0308nnen Sie dem Abschnitt \u201eHinweis zur Verantwortlichen Stelle\u201c in dieser Datenschutzerkla\u0308rung entnehmen.<\/p>\n<p><strong>Wie erfassen wir Ihre Daten?<\/strong><\/p>\n<\/div>\n<\/div>\n<\/div>\n<p>Ihre Daten werden zum einen dadurch erhoben, dass Sie uns diese mitteilen. Hierbei kann es sich z. B. um Daten handeln, die Sie in ein Kontaktformular eingeben.<\/p>\n<\/div>\n<div class=\"page\" title=\"Page 3\">\n<div class=\"section\">\n<div class=\"layoutArea\">\n<div class=\"column\">\n<p>Andere Daten werden automatisch oder nach Ihrer Einwilligung beim Besuch der Website durch unsere IT- Systeme erfasst. Das sind vor allem technische Daten (z. B. Internetbrowser, Betriebssystem oder Uhrzeit des Seitenaufrufs). Die Erfassung dieser Daten erfolgt automatisch, sobald Sie diese Website betreten.<\/p>\n<p><strong>Wofu\u0308r nutzen wir Ihre Daten?<\/strong><\/p>\n<p>Ein Teil der Daten wird erhoben, um eine fehlerfreie Bereitstellung der Website zu gewa\u0308hrleisten. Andere Daten ko\u0308nnen zur Analyse Ihres Nutzerverhaltens verwendet werden.<\/p>\n<p><strong>Welche Rechte haben Sie bezu\u0308glich Ihrer Daten?<\/strong><\/p>\n<p>Sie haben jederzeit das Recht, unentgeltlich Auskunft u\u0308ber Herkunft, Empfa\u0308nger und Zweck Ihrer gespeicherten personenbezogenen Daten zu erhalten. Sie haben au\u00dferdem ein Recht, die Berichtigung oder Lo\u0308schung dieser Daten zu verlangen. Wenn Sie eine Einwilligung zur Datenverarbeitung erteilt haben, ko\u0308nnen Sie diese Einwilligung jederzeit fu\u0308r die Zukunft widerrufen. Au\u00dferdem haben Sie das Recht, unter bestimmten Umsta\u0308nden die Einschra\u0308nkung der Verarbeitung Ihrer personenbezogenen Daten zu verlangen. Des Weiteren steht Ihnen ein Beschwerderecht bei der zusta\u0308ndigen Aufsichtsbeho\u0308rde zu.<\/p>\n<p>Hierzu sowie zu weiteren Fragen zum Thema Datenschutz ko\u0308nnen Sie sich jederzeit an uns wenden.<\/p>\n<p><strong>2. Allgemeine Hinweise und Pflichtinformationen<\/strong><\/p>\n<p><strong>Datenschutz<\/strong><\/p>\n<p>Die Betreiber dieser Seiten nehmen den Schutz Ihrer perso\u0308nlichen Daten sehr ernst. Wir behandeln Ihre personenbezogenen Daten vertraulich und entsprechend der gesetzlichen Datenschutzvorschriften sowie dieser Datenschutzerkla\u0308rung.<\/p>\n<p>Wenn Sie diese Website benutzen, werden verschiedene personenbezogene Daten erhoben. Personenbezogene Daten sind Daten, mit denen Sie perso\u0308nlich identifiziert werden ko\u0308nnen. Die vorliegende Datenschutzerkla\u0308rung erla\u0308utert, welche Daten wir erheben und wofu\u0308r wir sie nutzen. Sie erla\u0308utert auch, wie und zu welchem Zweck das geschieht.<\/p>\n<p>Wir weisen darauf hin, dass die Datenu\u0308bertragung im Internet (z. B. bei der Kommunikation per E-Mail) Sicherheitslu\u0308cken aufweisen kann. Ein lu\u0308ckenloser Schutz der Daten vor dem Zugriff durch Dritte ist nicht mo\u0308glich.<\/p>\n<p><strong>Hinweis zur verantwortlichen Stelle<\/strong><\/p>\n<p>Die verantwortliche Stelle fu\u0308r die Datenverarbeitung auf dieser Website ist:<\/p>\n<p>Prezydent Miasta Krakowa<br \/>pl. Wszystkich \u015awi\u0119tych 3-4<br \/>Sekretariat Zimmer. nr 106<br \/>Telefon: 0048 12 616 1398<br \/>Fax: 0048 12 616 1315<br \/>E-Mail: prezydent@um.krakow.pl<\/p>\n<p>Verantwortliche Stelle ist die natu\u0308rliche oder juristische Person, die allein oder gemeinsam mit anderen u\u0308ber die Zwecke und Mittel der Verarbeitung von personenbezogenen Daten (z. B. Namen, E-Mail-Adressen o. A\u0308.)<br \/>entscheidet.<\/p>\n<p><strong>Speicherdauer<\/strong><\/p>\n<p>Soweit innerhalb dieser Datenschutzerkla\u0308rung keine speziellere Speicherdauer genannt wurde, verbleiben Ihre personenbezogenen Daten bei uns, bis der Zweck fu\u0308r die Datenverarbeitung entfa\u0308llt. Wenn Sie ein berechtigtes Lo\u0308schersuchen geltend machen oder eine Einwilligung zur Datenverarbeitung widerrufen, werden Ihre Daten gelo\u0308scht, sofern wir keine anderen rechtlich zula\u0308ssigen Gru\u0308nde fu\u0308r die Speicherung Ihrer personenbezogenen Daten haben (z.B. steuer- oder handelsrechtliche Aufbewahrungsfristen); im letztgenannten Fall erfolgt die Lo\u0308schung nach Fortfall dieser Gru\u0308nde.<\/p>\n<\/div>\n<\/div>\n<\/div>\n<\/div>\n<div class=\"page\" title=\"Page 4\">\n<div class=\"section\">\n<div class=\"layoutArea\">\n<div class=\"column\">\n<p><strong>Widerruf Ihrer Einwilligung zur Datenverarbeitung<\/strong><\/p>\n<p>Viele Datenverarbeitungsvorga\u0308nge sind nur mit Ihrer ausdru\u0308cklichen Einwilligung mo\u0308glich. Sie ko\u0308nnen eine bereits erteilte Einwilligung jederzeit widerrufen. Die Rechtma\u0308\u00dfigkeit der bis zum Widerruf erfolgten Datenverarbeitung bleibt vom Widerruf unberu\u0308hrt.<\/p>\n<p><strong>Widerspruchsrecht gegen die Datenerhebung in besonderen Fa\u0308llen sowie gegen Direktwerbung (Art. 21 DSGVO)<\/strong><\/p>\n<p>WENN DIE DATENVERARBEITUNG AUF GRUNDLAGE VON ART. 6 ABS. 1 LIT. E ODER F DSGVO ERFOLGT, HABEN SIE JEDERZEIT DAS RECHT, AUS GRU\u0308NDEN, DIE SICH AUS IHRER BESONDEREN SITUATION ERGEBEN, GEGEN DIE VERARBEITUNG IHRER PERSONENBEZOGENEN DATEN WIDERSPRUCH EINZULEGEN; DIES GILT AUCH FU\u0308R EIN AUF DIESE BESTIMMUNGEN GESTU\u0308TZTES PROFILING. DIE JEWEILIGE RECHTSGRUNDLAGE, AUF DENEN EINE VERARBEITUNG BERUHT, ENTNEHMEN SIE DIESER DATENSCHUTZERKLA\u0308RUNG. WENN SIE WIDERSPRUCH EINLEGEN, WERDEN WIR IHRE BETROFFENEN PERSONENBEZOGENEN DATEN NICHT MEHR VERARBEITEN, ES SEI DENN, WIR KO\u0308NNEN ZWINGENDE SCHUTZWU\u0308RDIGE GRU\u0308NDE FU\u0308R DIE VERARBEITUNG NACHWEISEN, DIE IHRE INTERESSEN, RECHTE UND FREIHEITEN U\u0308BERWIEGEN ODER DIE VERARBEITUNG DIENT DER GELTENDMACHUNG, AUSU\u0308BUNG ODER VERTEIDIGUNG VON RECHTSANSPRU\u0308CHEN (WIDERSPRUCH NACH ART. 21 ABS. 1 DSGVO).<\/p>\n<p>WERDEN IHRE PERSONENBEZOGENEN DATEN VERARBEITET, UM DIREKTWERBUNG ZU BETREIBEN, SO HABEN SIE DAS RECHT, JEDERZEIT WIDERSPRUCH GEGEN DIE VERARBEITUNG SIE BETREFFENDER PERSONENBEZOGENER DATEN ZUM ZWECKE DERARTIGER WERBUNG EINZULEGEN; DIES GILT AUCH FU\u0308R DAS PROFILING, SOWEIT ES MIT SOLCHER DIREKTWERBUNG IN VERBINDUNG STEHT. WENN SIE WIDERSPRECHEN, WERDEN IHRE PERSONENBEZOGENEN DATEN ANSCHLIESSEND NICHT MEHR ZUM ZWECKE DER DIREKTWERBUNG VERWENDET (WIDERSPRUCH NACH ART. 21 ABS. 2 DSGVO).<\/p>\n<p><strong>Beschwerderecht bei der zusta\u0308ndigen Aufsichtsbeho\u0308rde<\/strong><\/p>\n<p>Im Falle von Versto\u0308\u00dfen gegen die DSGVO steht den Betroffenen ein Beschwerderecht bei einer Aufsichtsbeho\u0308rde, insbesondere in dem Mitgliedstaat ihres gewo\u0308hnlichen Aufenthalts, ihres Arbeitsplatzes oder des Orts des mutma\u00dflichen Versto\u00dfes zu. Das Beschwerderecht besteht unbeschadet anderweitiger verwaltungsrechtlicher oder gerichtlicher Rechtsbehelfe.<\/p>\n<p><strong>Recht auf Datenu\u0308bertragbarkeit<\/strong><\/p>\n<p>Sie haben das Recht, Daten, die wir auf Grundlage Ihrer Einwilligung oder in Erfu\u0308llung eines Vertrags automatisiert verarbeiten, an sich oder an einen Dritten in einem ga\u0308ngigen, maschinenlesbaren Format ausha\u0308ndigen zu lassen. Sofern Sie die direkte U\u0308bertragung der Daten an einen anderen Verantwortlichen verlangen, erfolgt dies nur, soweit es technisch machbar ist.<\/p>\n<\/div>\n<\/div>\n<\/div>\n<p><strong>Auskunft, Lo\u0308schung und Berichtigung<\/strong><\/p>\n<\/div>\n<div class=\"page\" title=\"Page 5\">\n<div class=\"section\">\n<div class=\"layoutArea\">\n<div class=\"column\">\n<p>Sie haben im Rahmen der geltenden gesetzlichen Bestimmungen jederzeit das Recht auf unentgeltliche Auskunft u\u0308ber Ihre gespeicherten personenbezogenen Daten, deren Herkunft und Empfa\u0308nger und den Zweck der Datenverarbeitung und ggf. ein Recht auf Berichtigung oder Lo\u0308schung dieser Daten. Hierzu sowie zu weiteren Fragen zum Thema personenbezogene Daten ko\u0308nnen Sie sich jederzeit an uns wenden.<\/p>\n<p><strong>Recht auf Einschra\u0308nkung der Verarbeitung<\/strong><\/p>\n<p>Sie haben das Recht, die Einschra\u0308nkung der Verarbeitung Ihrer personenbezogenen Daten zu verlangen. Hierzu ko\u0308nnen Sie sich jederzeit an uns wenden. Das Recht auf Einschra\u0308nkung der Verarbeitung besteht in folgenden Fa\u0308llen:<\/p>\n<p>Wenn Sie die Richtigkeit Ihrer bei uns gespeicherten personenbezogenen Daten bestreiten, beno\u0308tigen wir in der Regel Zeit, um dies zu u\u0308berpru\u0308fen. Fu\u0308r die Dauer der Pru\u0308fung haben Sie das Recht, die Einschra\u0308nkung der Verarbeitung Ihrer personenbezogenen Daten zu verlangen.<br \/>Wenn die Verarbeitung Ihrer personenbezogenen Daten unrechtma\u0308\u00dfig geschah\/geschieht, ko\u0308nnen Sie statt der Lo\u0308schung die Einschra\u0308nkung der Datenverarbeitung verlangen.<br \/>Wenn wir Ihre personenbezogenen Daten nicht mehr beno\u0308tigen, Sie sie jedoch zur Ausu\u0308bung, Verteidigung oder Geltendmachung von Rechtsanspru\u0308chen beno\u0308tigen, haben Sie das Recht, statt der Lo\u0308schung die Einschra\u0308nkung der Verarbeitung Ihrer personenbezogenen Daten zu verlangen.<br \/>Wenn Sie einen Widerspruch nach Art. 21 Abs. 1 DSGVO eingelegt haben, muss eine Abwa\u0308gung zwischen Ihren und unseren Interessen vorgenommen werden. Solange noch nicht feststeht, wessen Interessen u\u0308berwiegen, haben Sie das Recht, die Einschra\u0308nkung der Verarbeitung Ihrer personenbezogenen Daten zu verlangen.<\/p>\n<p>Wenn Sie die Verarbeitung Ihrer personenbezogenen Daten eingeschra\u0308nkt haben, du\u0308rfen diese Daten \u2013 von ihrer Speicherung abgesehen \u2013 nur mit Ihrer Einwilligung oder zur Geltendmachung, Ausu\u0308bung oder Verteidigung von Rechtsanspru\u0308chen oder zum Schutz der Rechte einer anderen natu\u0308rlichen oder juristischen Person oder aus Gru\u0308nden eines wichtigen o\u0308ffentlichen Interesses der Europa\u0308ischen Union oder eines Mitgliedstaats verarbeitet werden.<\/p>\n<p><strong>3. Datenerfassung auf dieser Website <\/strong><\/p>\n<p><strong>Cookies<\/strong><\/p>\n<p>Unsere Internetseiten verwenden so genannte \u201eCookies\u201c. Cookies sind kleine Textdateien und richten auf Ihrem Endgera\u0308t keinen Schaden an. Sie werden entweder voru\u0308bergehend fu\u0308r die Dauer einer Sitzung (Session-Cookies) oder dauerhaft (permanente Cookies) auf Ihrem Endgera\u0308t gespeichert. Session-Cookies werden nach Ende Ihres Besuchs automatisch gelo\u0308scht. Permanente Cookies bleiben auf Ihrem Endgera\u0308t gespeichert, bis Sie diese selbst lo\u0308schen oder eine automatische Lo\u0308schung durch Ihren Webbrowser erfolgt.<\/p>\n<p>Teilweise ko\u0308nnen auch Cookies von Drittunternehmen auf Ihrem Endgera\u0308t gespeichert werden, wenn Sie unsere Seite betreten (Third-Party-Cookies). Diese ermo\u0308glichen uns oder Ihnen die Nutzung bestimmter Dienstleistungen des Drittunternehmens (z.B. Cookies zur Abwicklung von Zahlungsdienstleistungen).<\/p>\n<p>Cookies haben verschiedene Funktionen. Zahlreiche Cookies sind technisch notwendig, da bestimmte Websitefunktionen ohne diese nicht funktionieren wu\u0308rden (z.B. die Warenkorbfunktion oder die Anzeige von Videos). Andere Cookies dienen dazu, das Nutzerverhalten auszuwerten oder Werbung anzuzeigen.<\/p>\n<p>Cookies, die zur Durchfu\u0308hrung des elektronischen Kommunikationsvorgangs (notwendige Cookies) oder zur Bereitstellung bestimmter, von Ihnen erwu\u0308nschter Funktionen (funktionale Cookies, z. B. fu\u0308r die Warenkorbfunktion) oder zur Optimierung der Website (z.B. Cookies zur Messung des Webpublikums) erforderlich sind, werden auf Grundlage von Art. 6 Abs. 1 lit. f DSGVO gespeichert, sofern keine andere<\/p>\n<\/div>\n<\/div>\n<div class=\"section\">\n<div class=\"layoutArea\">\n<div class=\"column\">\n<p>Rechtsgrundlage angegeben wird. Der Websitebetreiber hat ein berechtigtes Interesse an der Speicherung von Cookies zur technisch fehlerfreien und optimierten Bereitstellung seiner Dienste. Sofern eine Einwilligung zur Speicherung von Cookies abgefragt wurde, erfolgt die Speicherung der betreffenden Cookies ausschlie\u00dflich auf Grundlage dieser Einwilligung (Art. 6 Abs. 1 lit. a DSGVO); die Einwilligung ist jederzeit widerrufbar.<\/p>\n<p>Sie ko\u0308nnen Ihren Browser so einstellen, dass Sie u\u0308ber das Setzen von Cookies informiert werden und Cookies nur im Einzelfall erlauben, die Annahme von Cookies fu\u0308r bestimmte Fa\u0308lle oder generell ausschlie\u00dfen sowie das automatische Lo\u0308schen der Cookies beim Schlie\u00dfen des Browsers aktivieren. Bei der Deaktivierung von Cookies kann die Funktionalita\u0308t dieser Website eingeschra\u0308nkt sein.<\/p>\n<p>Soweit Cookies von Drittunternehmen oder zu Analysezwecken eingesetzt werden, werden wir Sie hieru\u0308ber im Rahmen dieser Datenschutzerkla\u0308rung gesondert informieren und ggf. eine Einwilligung abfragen.<\/p>\n<p><strong>Anfrage per E-Mail, Telefon oder Telefax<\/strong><\/p>\n<p>Wenn Sie uns per E-Mail, Telefon oder Telefax kontaktieren, wird Ihre Anfrage inklusive aller daraus hervorgehenden personenbezogenen Daten (Name, Anfrage) zum Zwecke der Bearbeitung Ihres Anliegens bei uns gespeichert und verarbeitet. Diese Daten geben wir nicht ohne Ihre Einwilligung weiter.<\/p>\n<p>Die Verarbeitung dieser Daten erfolgt auf Grundlage von Art. 6 Abs. 1 lit. b DSGVO, sofern Ihre Anfrage mit der Erfu\u0308llung eines Vertrags zusammenha\u0308ngt oder zur Durchfu\u0308hrung vorvertraglicher Ma\u00dfnahmen erforderlich ist. In allen u\u0308brigen Fa\u0308llen beruht die Verarbeitung auf unserem berechtigten Interesse an der effektiven Bearbeitung der an uns gerichteten Anfragen (Art. 6 Abs. 1 lit. f DSGVO) oder auf Ihrer Einwilligung (Art. 6 Abs. 1 lit. a DSGVO) sofern diese abgefragt wurde.<\/p>\n<p>Die von Ihnen an uns per Kontaktanfragen u\u0308bersandten Daten verbleiben bei uns, bis Sie uns zur Lo\u0308schung auffordern, Ihre Einwilligung zur Speicherung widerrufen oder der Zweck fu\u0308r die Datenspeicherung entfa\u0308llt (z. B. nach abgeschlossener Bearbeitung Ihres Anliegens). Zwingende gesetzliche Bestimmungen \u2013 insbesondere gesetzliche Aufbewahrungsfristen \u2013 bleiben unberu\u0308hrt.<\/p>\n<p><strong>4. Newsletter <\/strong><\/p>\n<p><strong>Newsletterdaten<\/strong><\/p>\n<p>Wenn Sie den auf der Website angebotenen Newsletter beziehen mo\u0308chten, beno\u0308tigen wir von Ihnen eine E- Mail-Adresse sowie Informationen, welche uns die U\u0308berpru\u0308fung gestatten, dass Sie der Inhaber der angegebenen E-Mail-Adresse sind und mit dem Empfang des Newsletters einverstanden sind. Weitere Daten werden nicht bzw. nur auf freiwilliger Basis erhoben. Diese Daten verwenden wir ausschlie\u00dflich fu\u0308r den Versand der angeforderten Informationen und geben diese nicht an Dritte weiter.<\/p>\n<p>Die Verarbeitung der in das Newsletteranmeldeformular eingegebenen Daten erfolgt ausschlie\u00dflich auf Grundlage Ihrer Einwilligung (Art. 6 Abs. 1 lit. a DSGVO). Die erteilte Einwilligung zur Speicherung der Daten, der E-Mail-Adresse sowie deren Nutzung zum Versand des Newsletters ko\u0308nnen Sie jederzeit widerrufen, etwa u\u0308ber den \u201eAustragen\u201c-Link im Newsletter. Die Rechtma\u0308\u00dfigkeit der bereits erfolgten Datenverarbeitungsvorga\u0308nge bleibt vom Widerruf unberu\u0308hrt.<\/p>\n<p>Die von Ihnen zum Zwecke des Newsletter-Bezugs bei uns hinterlegten Daten werden von uns bis zu Ihrer Austragung aus dem Newsletter bei uns bzw. dem Newsletterdiensteanbieter gespeichert und nach der Abbestellung des Newsletters oder nach Zweckfortfall aus der Newsletterverteilerliste gelo\u0308scht. Wir behalten uns vor, E-Mail-Adressen aus unserem Newsletterverteiler nach eigenem Ermessen im Rahmen unseres berechtigten Interesses nach Art. 6 Abs. 1 lit. f DSGVO zu lo\u0308schen oder zu sperren.<\/p>\n<p>Nach Ihrer Austragung aus der Newsletterverteilerliste wird Ihre E-Mail-Adresse bei uns bzw. dem<\/p>\n<\/div>\n<\/div>\n<\/div>\n<p>Newsletterdiensteanbieter ggf. in einer Blacklist gespeichert, um ku\u0308nftige Mailings zu verhindern. Die Daten aus der Blacklist werden nur fu\u0308r diesen Zweck verwendet und nicht mit anderen Daten zusammengefu\u0308hrt. Dies dient sowohl Ihrem Interesse als auch unserem Interesse an der Einhaltung der gesetzlichen Vorgaben beim Versand von Newslettern (berechtigtes Interesse im Sinne des Art. 6 Abs. 1 lit. f DSGVO). Die Speicherung in der Blacklist ist zeitlich nicht befristet. Sie ko\u0308nnen der Speicherung widersprechen, sofern Ihre Interessen unser berechtigtes Interesse u\u0308berwiegen.<\/p>\n<\/div>\n<\/div>\n<div class=\"page\" title=\"Page 7\">\n<div class=\"section\">\n<div class=\"layoutArea\">\n<div class=\"column\">\n<p>Quelle:<br \/>e-recht24.de<\/p>\n<\/div>\n<\/div>\n<\/div>\n<\/div>\n<p>[\/et_pb_text][\/et_pb_column][\/et_pb_row][\/et_pb_section]<\/p>\n","protected":false},"excerpt":{"rendered":"<p>Datenschutzerkla\u0308rung &nbsp; 1. Datenschutz auf einen Blick Allgemeine Hinweise Die folgenden Hinweise geben einen einfachen U\u0308berblick daru\u0308ber, was mit Ihren personenbezogenen Daten passiert, wenn Sie diese Website besuchen. Personenbezogene Daten [&hellip;]<\/p>\n","protected":false},"author":1,"featured_media":0,"parent":0,"menu_order":0,"comment_status":"closed","ping_status":"closed","template":"","meta":{"_et_pb_use_builder":"on","_et_pb_old_content":"<h2>Wer wir sind<\/h2>\r\nDie Adresse unserer Website ist: https:\/\/www.krakauer-haus.de.\r\n<h2>Welche personenbezogenen Daten wir sammeln und warum wir sie sammeln<\/h2>\r\n<h3><\/h3>\r\n<h3>Eingebettete Inhalte von anderen Websites<\/h3>\r\nBeitr\u00e4ge auf dieser Website k\u00f6nnen eingebettete Inhalte beinhalten (z. B. Videos, Bilder, Beitr\u00e4ge, Maps etc.). Eingebettete Inhalte von anderen Websites verhalten sich exakt so, als ob der Besucher die andere Website besucht h\u00e4tte.\r\n\r\nDiese Websites k\u00f6nnen Daten \u00fcber Sie sammeln, Cookies benutzen, zus\u00e4tzliche Tracking-Dienste von Dritten einbetten und Ihre Interaktion mit diesem eingebetteten Inhalt aufzeichnen, inklusive Ihre Interaktion mit dem eingebetteten Inhalt, falls Sie ein Konto haben und auf dieser Website angemeldet sind.\r\n<h2><span id=\"Verwendung_von_Videos_zB_Youtube_Vimeo\" class=\"ez-toc-section\">Verwendung von Videos (z.B. Youtube)<\/span><\/h2>\r\n<h3><\/h3>\r\n<h3><span id=\"Datenschutzerklaerung_wegen_der_Verwendung_eines_YouTube-Plugins\" class=\"ez-toc-section\">Datenschutzerkl\u00e4rung wegen der Verwendung eines YouTube-Plugins<\/span><\/h3>\r\nDiese Internetseite beinhaltet mindestens ein Plugin von YouTube, geh\u00f6rig zur Google Inc., ans\u00e4ssig in San Bruno\/Kalifornien, USA.\r\n\r\nWenn Sie bei Youtube\u00a0sind:\r\nSobald die mit einem YouTube-Video ausgestattete Seite dieser Homepage aufgerufen wird, <em>und Sie die Wiedergabe starten<\/em>, wird eine Verbindung zu den Servern von YouTube aufgebaut. Dabei wird dem Youtube-Server mitgeteilt, welche spezielle Seite dieser Website besucht wurde. Wenn Sie eingeloggt sind, wird Ihr Surfverhalten Ihrem pers\u00f6nlichen Profil zuzuordnen.\r\n\r\nSie k\u00f6nnen diese M\u00f6glichkeit unterbinden, wenn Sie sich vorher aus bei Youtube abmelden. Weitere Informationen zur Erhebung und Nutzung Ihrer Daten durch YouTube erhalten Sie in den dortigen Hinweisen zum Datenschutz unter www.youtube.com.\r\n\r\nWeitere Informationen zum Datenschutz bei \u201cYouTube\u201d finden Sie in der Datenschutzerkl\u00e4rung des Anbieters unter: <a href=\"https:\/\/www.google.de\/intl\/de\/policies\/privacy\/\">https:\/\/www.google.de\/intl\/de\/policies\/privacy\/<\/a>\r\n<h3><span id=\"Cookies\" class=\"ez-toc-section\">Cookies<\/span><\/h3>\r\nDiese Webseite nutzt die Youtube-Einbettungsfunktion zur Anzeige und Wiedergabe von Videos von Youtube. Wir verwenden den erweiterten Datenschutzmodus, der nach Anbieterangaben eine Speicherung von Nutzerinformationen erst bei Wiedergabe des Videos in Gang setzt. In dem Augenblick, wo die Wiedergabe des eingebetteten Videos gestartet wird, setzt der Youtube Cookies ein, um Informationen \u00fcber das Nutzerverhalten zu sammeln.\r\n\r\nHinweisen von Youtube zufolge dienen diese unter anderem dazu, Videostatistiken zu erfassen, die Nutzerfreundlichkeit zu verbessern und missbr\u00e4uchliche Handlungsweisen zu unterbinden.\r\n\r\nUnabh\u00e4ngig von einer Wiedergabe der eingebetteten Videos wird bei jedem Aufruf dieser Webseite eine Verbindung zum Google-Netzwerk \u201cDoubleClick\u201d aufgenommen, was ohne unseren Einfluss weitere Datenverarbeitungsvorg\u00e4nge ausl\u00f6sen kann.\r\n<h4><span id=\"DoubleClick_personalisierte_Werbung\" class=\"ez-toc-section\">DoubleClick \u2013 personalisierte Werbung<\/span><\/h4>\r\nDoubleClick ist mitverantwortlich daf\u00fcr, dass der User auf ihn zugeschnitten Werbung erh\u00e4lt. Recherchiert man z.B. zum Thema Outdoor-Schuhe, bekommt man z.B. in einen Artikel bei der S\u00fcddeutschen, den man online liest, einen Werbeanzeige f\u00fcr Globetrotter etc.\r\n\u201c<em>Die Verbindung zu DoubleClick f\u00fchrt zwar nicht dazu, dass neben den YouTube Cookies auch DoubleClick-Cookies gesetzt werden, falls sich im Browser-Cache bereits einer der \u201cKekse\u201d des Werbenetzwerkes befindet, werden die Cookie-IDs an DoubleClick \u00fcbertragen\u201d<\/em> Quelle: ct\u2019Webdesign (2017)\r\n\r\n<a href=\"https:\/\/support.google.com\/ads\/answer\/7395996?hl=de\">Pers\u00f6nliche Werbung im Browser deaktivieren \u00fcber Browser-Plugins<\/a>\r\n\r\nWeitere Informationen zum Datenschutz bei YouTube finden Sie in der Datenschutzerkl\u00e4rung des Anbieters unter: <a href=\"https:\/\/www.google.de\/intl\/de\/policies\/privacy\/\">https:\/\/www.google.de\/intl\/de\/policies\/privacy\/<\/a>\r\n<h2><span id=\"Verwendung_von_Videos_zB_Youtube_Vimeo\" class=\"ez-toc-section\">Verwendung von Google Maps<\/span><\/h2>\r\nDie Webseite krakauer-haus.de verwendet Google Maps API, um geographische Informationen visuell darzustellen. Bei der Nutzung von Google Maps werden von Google auch Daten \u00fcber die Nutzung der Maps-Funktionen durch Besucher der Webseiten erhoben, verarbeitet und genutzt. N\u00e4here Informationen \u00fcber die Datenverarbeitung durch Google k\u00f6nnen Sie den <a href=\"https:\/\/www.google.com\/privacypolicy.html\">Datenschutzhinweisen von Google<\/a> entnehmen. Dort k\u00f6nnen Sie im Datenschutzcenter auch Ihre Einstellungen ver\u00e4ndern und Ihre Daten verwalten und sch\u00fctzen.\r\n\r\n<a href=\"https:\/\/www.dataliberation.org\/\">Zum Verwalten der eigenen Daten im Zusammenhang mit Google-Produkten.<\/a>\r\n<h3><\/h3>","_et_gb_content_width":"","_price":"","_stock":"","_tribe_ticket_header":"","_tribe_default_ticket_provider":"","_tribe_ticket_capacity":"0","_ticket_start_date":"","_ticket_end_date":"","_tribe_ticket_show_description":"","_tribe_ticket_show_not_going":false,"_tribe_ticket_use_global_stock":"","_tribe_ticket_global_stock_level":"","_global_stock_mode":"","_global_stock_cap":"","_tribe_rsvp_for_event":"","_tribe_ticket_going_count":"","_tribe_ticket_not_going_count":"","_tribe_tickets_list":"[]","_tribe_ticket_has_attendee_info_fields":false,"footnotes":"","_tec_slr_enabled":"","_tec_slr_layout":""},"class_list":["post-3","page","type-page","status-publish","hentry"],"ticketed":false,"_links":{"self":[{"href":"https:\/\/www.krakauer-haus.de\/kh-test\/index.php\/wp-json\/wp\/v2\/pages\/3","targetHints":{"allow":["GET"]}}],"collection":[{"href":"https:\/\/www.krakauer-haus.de\/kh-test\/index.php\/wp-json\/wp\/v2\/pages"}],"about":[{"href":"https:\/\/www.krakauer-haus.de\/kh-test\/index.php\/wp-json\/wp\/v2\/types\/page"}],"author":[{"embeddable":true,"href":"https:\/\/www.krakauer-haus.de\/kh-test\/index.php\/wp-json\/wp\/v2\/users\/1"}],"replies":[{"embeddable":true,"href":"https:\/\/www.krakauer-haus.de\/kh-test\/index.php\/wp-json\/wp\/v2\/comments?post=3"}],"version-history":[{"count":15,"href":"https:\/\/www.krakauer-haus.de\/kh-test\/index.php\/wp-json\/wp\/v2\/pages\/3\/revisions"}],"predecessor-version":[{"id":6749,"href":"https:\/\/www.krakauer-haus.de\/kh-test\/index.php\/wp-json\/wp\/v2\/pages\/3\/revisions\/6749"}],"wp:attachment":[{"href":"https:\/\/www.krakauer-haus.de\/kh-test\/index.php\/wp-json\/wp\/v2\/media?parent=3"}],"curies":[{"name":"wp","href":"https:\/\/api.w.org\/{rel}","templated":true}]}}