{"id":24,"date":"2018-12-06T16:37:33","date_gmt":"2018-12-06T15:37:33","guid":{"rendered":"http:\/\/www.krakauer-haus.de\/kh-test\/?page_id=24"},"modified":"2024-05-27T23:07:01","modified_gmt":"2024-05-27T21:07:01","slug":"kulturzentrum","status":"publish","type":"page","link":"https:\/\/www.krakauer-haus.de\/kh-test\/index.php\/kulturzentrum\/","title":{"rendered":"Kulturzentrum"},"content":{"rendered":"<p>[et_pb_section fb_built=&#8220;1&#8243; fullwidth=&#8220;on&#8220; _builder_version=&#8220;4.16&#8243; custom_padding=&#8220;0|0px|0|0px|false|false&#8220; locked=&#8220;off&#8220; global_colors_info=&#8220;{}&#8220;][et_pb_fullwidth_header title=&#8220;Kulturzentrum im Krakauer Haus&#8220; _builder_version=&#8220;4.19.4&#8243; background_color=&#8220;#004a7c&#8220; global_colors_info=&#8220;{}&#8220;]<\/p>\n<p>seit 1996<\/p>\n<p>eine europaweit einmalige Idee&#8230;<\/p>\n<p>[\/et_pb_fullwidth_header][\/et_pb_section][et_pb_section fb_built=&#8220;1&#8243; _builder_version=&#8220;4.16&#8243; custom_padding=&#8220;0|0px|54px|0px|false|false&#8220; locked=&#8220;off&#8220; global_colors_info=&#8220;{}&#8220;][et_pb_row _builder_version=&#8220;4.16&#8243; custom_padding=&#8220;10px|0px|10px|0|false|false&#8220; global_colors_info=&#8220;{}&#8220;][et_pb_column type=&#8220;4_4&#8243; _builder_version=&#8220;4.16&#8243; custom_padding=&#8220;|||&#8220; global_colors_info=&#8220;{}&#8220; custom_padding__hover=&#8220;|||&#8220;][et_pb_text _builder_version=&#8220;4.23.1&#8243; global_colors_info=&#8220;{}&#8220;]<\/p>\n<p><strong><a href=\"https:\/\/www.krakauer-haus.de\/kh-test\/\" target=\"_blank\" rel=\"noopener\">KULTURZENTRUM KRAKAUER HAUS <\/a><br \/><\/strong>Leitung des Hauses<br \/>B\u00fcro im 2. Stock<br \/>Galerie und Konzertraum im Turm<\/p>\n<p>&nbsp;<\/p>\n<p>&nbsp;<\/p>\n<p>Eine europaweit einmalige Idee kr\u00f6nte<strong> 1996<\/strong> die damals bereits \u00fcber 20j\u00e4hrige Partnerschaft zwischen N\u00fcrnberg und Krakau: die beiden Stadtregierungen er\u00f6ffneten jeweils in der anderen Stadt Vetretungen, die vor allem im Bereich der Bildung und Kultur arbeiten.<\/p>\n<p><strong>Das Krakauer Haus in N\u00fcrnberg<\/strong> liegt in einer mittelalterlichen Basteianlage, die einst Teil der Stadtmauer war. <strong>Das <a href=\"http:\/\/dom-norymberski.com\" target=\"_blank\" rel=\"noopener noreferrer\">N\u00fcrnberger Haus in Krakau <\/a><\/strong>ist in einem Geb\u00e4ude aus dem 15. Jahrhundert im ehemaligen j\u00fcdischen Viertel Kazimierz untergebracht.<\/p>\n<p>Das von der Stadt Krakau ins Leben gerufene und finanziell getragene <strong>Kulturzentrum im Krakauer Haus, <\/strong>dem die Leitung des Hauses unterliegt, sorgt daf\u00fcr, dass die bedeutendsten Krakauer K\u00fcnstler ihre Werke hier pr\u00e4sentieren und dass bekannte Intellektuelle aus Krakau an der Begegnungen in N\u00fcrnberg teilnehmen.<\/p>\n<p>&nbsp;<\/p>\n<p>Im Jahr 2016 feierten wir das 20-j\u00e4hrige Bestehen unserer H\u00e4user.<br \/>Ein paar wunderbare Tage mit Konzerten, Begegnungen mit Literatur und einer Ausstellung im \u00f6ffentlichen Raum der Stadt von 20 K\u00fcnstlerinnen und K\u00fcnstlern aus Krakau und N\u00fcrnberg!<\/p>\n<p>Ein Erinnerung an diese Jubil\u00e4umswoche blieb das Wei\u00dfe Nashorn &#8211; eine Skulptur von krakauer K\u00fcnstlerin Dorota Hadrian.<br \/>Das <strong>Symbol des Fremden, der nicht zu \u00fcbersehen ist<\/strong>, befindet sich auf dem Egidien-Platz n der N\u00fcrnberger Altstadt.<\/p>\n<p style=\"text-align: center;\"><a href=\"https:\/\/www.krakauer-haus.de\/kh-test\/index.php\/2016\/07\/08\/kunstprojekt-20-zum-20-jubilaeum-des-krakauer-hauses-und-des-nuernberger-hauses\/\" target=\"_blank\" rel=\"noopener noreferrer\">\u00a020 Jubil\u00e4um<\/a><\/p>\n<p>[\/et_pb_text][et_pb_button button_text=&#8220;JUBIL\u00c4UMSBROSCH\u00dcRE&#8220; _builder_version=&#8220;4.25.0&#8243; _module_preset=&#8220;default&#8220; button_url=&#8220;https:\/\/www.nuernberg.de\/imperia\/md\/partnerstaedte\/dokumente\/krakau\/2016_krakauer_haus_jubilaeumsbroschuere.pdf&#8220; url_new_window=&#8220;on&#8220; hover_enabled=&#8220;0&#8243; sticky_enabled=&#8220;0&#8243; button_alignment=&#8220;center&#8220; animation_style=&#8220;zoom&#8220;][\/et_pb_button][et_pb_button button_url=&#8220;http:\/\/dom-norymberski.com&#8220; url_new_window=&#8220;on&#8220; button_text=&#8220;N\u00dcRNBERGER HAUS in KRAKAU&#8220; button_alignment=&#8220;center&#8220; _builder_version=&#8220;4.19.5&#8243; _module_preset=&#8220;default&#8220; global_colors_info=&#8220;{}&#8220;][\/et_pb_button][et_pb_image src=&#8220;http:\/\/www.krakauer-haus.de\/kh-test\/wp-content\/uploads\/2020\/12\/13569019_1416861084998096_4492462307700784405_o.jpg&#8220; title_text=&#8220;Nashorn von Dorota Hadrian&#8220; _builder_version=&#8220;4.16&#8243; _module_preset=&#8220;default&#8220; global_colors_info=&#8220;{}&#8220;][\/et_pb_image][et_pb_text _builder_version=&#8220;4.16&#8243; _module_preset=&#8220;default&#8220; global_colors_info=&#8220;{}&#8220;]<\/p>\n<p><span>Schlafendes Nashorn, Dorota Hadrian, 2016<\/span><\/p>\n<p>[\/et_pb_text][et_pb_divider show_divider=&#8220;off&#8220; _builder_version=&#8220;4.19.5&#8243; _module_preset=&#8220;default&#8220; global_colors_info=&#8220;{}&#8220;][\/et_pb_divider][et_pb_divider show_divider=&#8220;off&#8220; _builder_version=&#8220;4.19.5&#8243; _module_preset=&#8220;default&#8220; global_colors_info=&#8220;{}&#8220;][\/et_pb_divider][et_pb_button button_url=&#8220;https:\/\/www.youtube.com\/playlist?list=PLqEyMdSJFnM2zRdA6Fo1HOe3cHLntQtlr&#8220; url_new_window=&#8220;on&#8220; button_text=&#8220;KRAKAUER HAUS on YOUTUBE&#8220; button_alignment=&#8220;center&#8220; _builder_version=&#8220;4.19.5&#8243; _module_preset=&#8220;default&#8220; global_colors_info=&#8220;{}&#8220;][\/et_pb_button][et_pb_button button_url=&#8220;https:\/\/vimeo.com\/user192873982&#8243; url_new_window=&#8220;on&#8220; button_text=&#8220;KRAKAUER HAUS on VIMEO&#8220; button_alignment=&#8220;center&#8220; _builder_version=&#8220;4.19.5&#8243; _module_preset=&#8220;default&#8220; global_colors_info=&#8220;{}&#8220;][\/et_pb_button][et_pb_button button_url=&#8220;https:\/\/bayern-online.de\/nuernberg\/erleben\/sehenswuerdigkeiten\/krakauer-haus\/&#8220; url_new_window=&#8220;on&#8220; button_text=&#8220;BAYERN &#8211; ONLINE&#8220; button_alignment=&#8220;center&#8220; admin_label=&#8220;Button&#8220; _builder_version=&#8220;4.19.5&#8243; _module_preset=&#8220;default&#8220; global_colors_info=&#8220;{}&#8220;][\/et_pb_button][et_pb_button button_url=&#8220;https:\/\/www.youtube.com\/watch?v=8kjptKUAqgM&#8220; url_new_window=&#8220;on&#8220; button_text=&#8220;KRAKAU Most Beautiful Places to Visit in Krakow 2023&#8243; button_alignment=&#8220;center&#8220; _builder_version=&#8220;4.19.5&#8243; _module_preset=&#8220;default&#8220; global_colors_info=&#8220;{}&#8220;][\/et_pb_button][\/et_pb_column][\/et_pb_row][et_pb_row _builder_version=&#8220;4.16&#8243; _module_preset=&#8220;default&#8220; global_colors_info=&#8220;{}&#8220;][et_pb_column type=&#8220;4_4&#8243; _builder_version=&#8220;4.16&#8243; _module_preset=&#8220;default&#8220; global_colors_info=&#8220;{}&#8220;][et_pb_nextend_smart_slider_3 slider=&#8220;5&#8243; _builder_version=&#8220;4.19.4&#8243; global_colors_info=&#8220;{}&#8220;][\/et_pb_nextend_smart_slider_3][et_pb_text _builder_version=&#8220;4.19.4&#8243; _module_preset=&#8220;default&#8220; global_colors_info=&#8220;{}&#8220;]<\/p>\n<p>Er\u00f6ffnung des N\u00fcrnberger Hauses in Krakau mit OBM Ludwig Scholz, Alt-OBM Dr. Peter Sch\u00f6nlein, Pr\u00e4sident Jozef Lassota.<br \/>Foto: Wieslaw Majka<\/p>\n<p>[\/et_pb_text][\/et_pb_column][\/et_pb_row][\/et_pb_section]<\/p>\n","protected":false},"excerpt":{"rendered":"<p>seit 1996 eine europaweit einmalige Idee&#8230;KULTURZENTRUM KRAKAUER HAUS Leitung des HausesB\u00fcro im 2. StockGalerie und Konzertraum im Turm &nbsp; &nbsp; Eine europaweit einmalige Idee kr\u00f6nte 1996 die damals bereits \u00fcber [&hellip;]<\/p>\n","protected":false},"author":1,"featured_media":0,"parent":0,"menu_order":0,"comment_status":"closed","ping_status":"closed","template":"","meta":{"_et_pb_use_builder":"on","_et_pb_old_content":"","_et_gb_content_width":"","_price":"","_stock":"","_tribe_ticket_header":"","_tribe_default_ticket_provider":"","_tribe_ticket_capacity":"0","_ticket_start_date":"","_ticket_end_date":"","_tribe_ticket_show_description":"","_tribe_ticket_show_not_going":false,"_tribe_ticket_use_global_stock":"","_tribe_ticket_global_stock_level":"","_global_stock_mode":"","_global_stock_cap":"","_tribe_rsvp_for_event":"","_tribe_ticket_going_count":"","_tribe_ticket_not_going_count":"","_tribe_tickets_list":"[]","_tribe_ticket_has_attendee_info_fields":false,"footnotes":"","_tec_slr_enabled":"","_tec_slr_layout":""},"class_list":["post-24","page","type-page","status-publish","hentry"],"ticketed":false,"_links":{"self":[{"href":"https:\/\/www.krakauer-haus.de\/kh-test\/index.php\/wp-json\/wp\/v2\/pages\/24","targetHints":{"allow":["GET"]}}],"collection":[{"href":"https:\/\/www.krakauer-haus.de\/kh-test\/index.php\/wp-json\/wp\/v2\/pages"}],"about":[{"href":"https:\/\/www.krakauer-haus.de\/kh-test\/index.php\/wp-json\/wp\/v2\/types\/page"}],"author":[{"embeddable":true,"href":"https:\/\/www.krakauer-haus.de\/kh-test\/index.php\/wp-json\/wp\/v2\/users\/1"}],"replies":[{"embeddable":true,"href":"https:\/\/www.krakauer-haus.de\/kh-test\/index.php\/wp-json\/wp\/v2\/comments?post=24"}],"version-history":[{"count":46,"href":"https:\/\/www.krakauer-haus.de\/kh-test\/index.php\/wp-json\/wp\/v2\/pages\/24\/revisions"}],"predecessor-version":[{"id":10662,"href":"https:\/\/www.krakauer-haus.de\/kh-test\/index.php\/wp-json\/wp\/v2\/pages\/24\/revisions\/10662"}],"wp:attachment":[{"href":"https:\/\/www.krakauer-haus.de\/kh-test\/index.php\/wp-json\/wp\/v2\/media?parent=24"}],"curies":[{"name":"wp","href":"https:\/\/api.w.org\/{rel}","templated":true}]}}