{"id":2384,"date":"2019-01-16T22:18:57","date_gmt":"2019-01-16T21:18:57","guid":{"rendered":"http:\/\/www.krakauer-haus.de\/?page_id=2384"},"modified":"2026-04-10T23:06:50","modified_gmt":"2026-04-10T21:06:50","slug":"polnische-filmwoche","status":"publish","type":"page","link":"https:\/\/www.krakauer-haus.de\/kh-test\/index.php\/polnische-filmwoche\/","title":{"rendered":"Polnische Filmwoche"},"content":{"rendered":"<p>[et_pb_section fb_built=&#8220;1&#8243; _builder_version=&#8220;4.16&#8243; global_colors_info=&#8220;{}&#8220;][et_pb_row admin_label=&#8220;Zeile&#8220; _builder_version=&#8220;4.16&#8243; custom_padding=&#8220;27px|0px|27px|0|false|false&#8220; global_colors_info=&#8220;{}&#8220;][et_pb_column type=&#8220;4_4&#8243; _builder_version=&#8220;4.16&#8243; custom_padding=&#8220;|||&#8220; global_colors_info=&#8220;{}&#8220; custom_padding__hover=&#8220;|||&#8220;][et_pb_text _builder_version=&#8220;4.27.6&#8243; text_font=&#8220;||||||||&#8220; hover_enabled=&#8220;0&#8243; locked=&#8220;off&#8220; global_colors_info=&#8220;{}&#8220; sticky_enabled=&#8220;0&#8243;]<\/p>\n<p data-start=\"57\" data-end=\"80\" style=\"text-align: center;\">POLNISCHE FILMWOCHE<\/p>\n<p data-start=\"82\" data-end=\"203\" style=\"text-align: justify;\">Im April 2005 wurde die Polnische Filmwoche in N\u00fcrnberg von Gra\u017cyna Wanat in Zusammenarbeit mit Gra\u017cyna S\u0142omka initiiert.<\/p>\n<p data-start=\"205\" data-end=\"644\" style=\"text-align: justify;\">Die erste Ausgabe stie\u00df beim Publikum auf eine au\u00dfergew\u00f6hnlich positive Resonanz, wodurch sich das Format schnell als feste und kontinuierlich weiterentwickelte Plattform f\u00fcr polnische Filmkunst in N\u00fcrnberg etablierte. Seitdem pr\u00e4sentiert die Polnische Filmwoche j\u00e4hrlich ein vielf\u00e4ltiges Programm aktueller und klassischer polnischer Filmproduktionen und hat sich zu einem wichtigen Bestandteil des st\u00e4dtischen Kulturkalenders entwickelt.<\/p>\n<p data-start=\"646\" data-end=\"907\" style=\"text-align: justify;\">\u00dcber viele Jahre hinweg fand die Veranstaltung im Kino Cinecitt\u00e0 N\u00fcrnberg statt. Ab dem Jahr 2026 zieht die Polnische Filmwoche ins Filmhaus N\u00fcrnberg um und erweitert dort ihr kuratorisches Profil sowie das Programm um neue Formate und inhaltliche Schwerpunkte.<\/p>\n<p data-start=\"909\" data-end=\"948\" style=\"text-align: justify;\">Aktuelle Informationen finden Sie hier:<\/p>\n<p>[\/et_pb_text][et_pb_button button_url=&#8220;https:\/\/www.polnische-filmwoche.de&#8220; button_text=&#8220;POLNISCHE FILMWOCHE&#8220; button_alignment=&#8220;center&#8220; _builder_version=&#8220;4.27.6&#8243; _module_preset=&#8220;default&#8220; custom_button=&#8220;on&#8220; button_text_color=&#8220;#FFFFFF&#8220; button_bg_color=&#8220;#e86800&#8243; button_border_color=&#8220;RGBA(255,255,255,0)&#8220; button_icon=&#8220;&#x24;||divi||400&#8243; button_icon_color=&#8220;#FFFFFF&#8220; custom_margin=&#8220;-15px|||||&#8220; animation_style=&#8220;fade&#8220; global_colors_info=&#8220;{}&#8220;][\/et_pb_button][et_pb_text _builder_version=&#8220;4.27.6&#8243; text_font=&#8220;||||||||&#8220; header_font=&#8220;Arial||||||||&#8220; header_text_color=&#8220;#0c71c3&#8243; header_font_size=&#8220;25px&#8220; background_color=&#8220;rgba(255,255,255,0.05)&#8220; global_colors_info=&#8220;{}&#8220;]<\/p>\n<p style=\"text-align: justify;\">\u201eFajny Film\u201c e. V.<\/p>\n<p style=\"text-align: justify;\">Die \u00fcber 1000-j\u00e4hrige Geschichte der deutsch-polnischen Nachbarschaft hat gute und schlechte Zeiten erlebt. Damit das Verh\u00e4ltnis zwischen den Menschen unabh\u00e4ngig von der politischen Situation gut wird und bleibt, wollen wir Verst\u00e4ndnis f\u00fcr das Andersartige und Fremde wecken, Toleranz und kulturelle Vielfalt, aber auch Interesse f\u00fcr die Filmkunst f\u00f6rdern und politische Diskussionen anregen.<\/p>\n<p style=\"text-align: justify;\">Um diese Ziele zu realisieren hat eine Gruppe von Enthusiastinnen und Enthusiasten den Verein \u201eFajny Film\u201c gegr\u00fcndet. Der, unserer Meinung nach, f\u00fcr beide Sprachen verst\u00e4ndliche Vereinsname gibt die Hauptrichtung unserer Aktivit\u00e4ten wieder.<\/p>\n<p style=\"text-align: justify;\">Als einen Schritt in Richtung offene Stadtgesellschaft sehen die Vereinsgr\u00fcnder\/innen n\u00e4mlich die Durchf\u00fchrung der j\u00e4hrlich stattfindenden Polnischen Filmwoche sowie die Realisation von anderen internationalen Kulturprojekten f\u00fcr ein breites Publikum.<\/p>\n<p style=\"text-align: justify;\">Festivalleitung:<br \/>seit 2026 Renata Kopyto<br \/>2005-2025 Gra\u017cyna Wanat<\/p>\n<p style=\"text-align: justify;\">F\u00f6rderer: Stadt N\u00fcrnberg; Stadt Krakau-Krakauer Festivalb\u00fcro; Krakauer Haus<\/p>\n<p style=\"text-align: justify;\">[\/et_pb_text][et_pb_divider show_divider=&#8220;off&#8220; _builder_version=&#8220;4.20.0&#8243; _module_preset=&#8220;default&#8220; global_colors_info=&#8220;{}&#8220;][\/et_pb_divider][\/et_pb_column][\/et_pb_row][et_pb_row column_structure=&#8220;3_5,2_5&#8243; _builder_version=&#8220;4.27.3&#8243; _module_preset=&#8220;default&#8220; global_colors_info=&#8220;{}&#8220;][et_pb_column type=&#8220;3_5&#8243; _builder_version=&#8220;4.27.3&#8243; _module_preset=&#8220;default&#8220; global_colors_info=&#8220;{}&#8220;][et_pb_image src=&#8220;https:\/\/www.krakauer-haus.de\/kh-test\/wp-content\/uploads\/2025\/02\/PolFilm2019Ladies-M-5889.jpg&#8220; title_text=&#8220;14.Polnische Filmwoche 2019&#8243; _builder_version=&#8220;4.27.3&#8243; _module_preset=&#8220;default&#8220; global_colors_info=&#8220;{}&#8220;][\/et_pb_image][\/et_pb_column][et_pb_column type=&#8220;2_5&#8243; _builder_version=&#8220;4.27.6&#8243; _module_preset=&#8220;default&#8220; global_colors_info=&#8220;{}&#8220;][et_pb_image src=&#8220;https:\/\/www.krakauer-haus.de\/kh-test\/wp-content\/uploads\/2023\/01\/logo-PFW-_breit-01.jpg&#8220; title_text=&#8220;logo PFW _breit -01&#8243; _builder_version=&#8220;4.27.3&#8243; _module_preset=&#8220;default&#8220; global_colors_info=&#8220;{}&#8220;][\/et_pb_image][et_pb_text _builder_version=&#8220;4.27.6&#8243; _module_preset=&#8220;default&#8220; hover_enabled=&#8220;0&#8243; global_colors_info=&#8220;{}&#8220; sticky_enabled=&#8220;0&#8243;]<\/p>\n<p>Foto:<br \/>Sabine Richter, Jutta Missbach, Silvie Preusser, Kasia Jagusch, Joanna Doepfert, Kasia Prusik-Lutz, Agata Kami\u0144ska, Gra\u017cyna Wanat<br \/><span style=\"color: #999999;\">\u00a9 Jutta Missbach<\/span><\/p>\n<p>[\/et_pb_text][\/et_pb_column][\/et_pb_row][et_pb_row _builder_version=&#8220;4.16&#8243; global_colors_info=&#8220;{}&#8220;][et_pb_column type=&#8220;4_4&#8243; _builder_version=&#8220;4.16&#8243; global_colors_info=&#8220;{}&#8220;][et_pb_image src=&#8220;http:\/\/www.krakauer-haus.de\/kh-test\/wp-content\/uploads\/2020\/07\/t-shirt-SOFA-Kopie-e1595881361174.jpg&#8220; title_text=&#8220;Druck&#8220; _builder_version=&#8220;4.16&#8243; global_colors_info=&#8220;{}&#8220;][\/et_pb_image][et_pb_text _builder_version=&#8220;4.27.6&#8243; global_colors_info=&#8220;{}&#8220;]<\/p>\n<p style=\"text-align: right;\"><span style=\"color: #828282;\">Plakat: Kasia Prusik-Lutz<\/span><\/p>\n<p>[\/et_pb_text][\/et_pb_column][\/et_pb_row][\/et_pb_section]<\/p>\n","protected":false},"excerpt":{"rendered":"<p>POLNISCHE FILMWOCHE Im April 2005 wurde die Polnische Filmwoche in N\u00fcrnberg von Gra\u017cyna Wanat in Zusammenarbeit mit Gra\u017cyna S\u0142omka initiiert. Die erste Ausgabe stie\u00df beim Publikum auf eine au\u00dfergew\u00f6hnlich positive [&hellip;]<\/p>\n","protected":false},"author":2,"featured_media":0,"parent":0,"menu_order":0,"comment_status":"closed","ping_status":"closed","template":"","meta":{"_et_pb_use_builder":"on","_et_pb_old_content":"","_et_gb_content_width":"","_price":"","_stock":"","_tribe_ticket_header":"","_tribe_default_ticket_provider":"","_tribe_ticket_capacity":"0","_ticket_start_date":"","_ticket_end_date":"","_tribe_ticket_show_description":"","_tribe_ticket_show_not_going":false,"_tribe_ticket_use_global_stock":"","_tribe_ticket_global_stock_level":"","_global_stock_mode":"","_global_stock_cap":"","_tribe_rsvp_for_event":"","_tribe_ticket_going_count":"","_tribe_ticket_not_going_count":"","_tribe_tickets_list":"[]","_tribe_ticket_has_attendee_info_fields":false,"footnotes":"","_tec_slr_enabled":"","_tec_slr_layout":""},"class_list":["post-2384","page","type-page","status-publish","hentry"],"ticketed":false,"_links":{"self":[{"href":"https:\/\/www.krakauer-haus.de\/kh-test\/index.php\/wp-json\/wp\/v2\/pages\/2384","targetHints":{"allow":["GET"]}}],"collection":[{"href":"https:\/\/www.krakauer-haus.de\/kh-test\/index.php\/wp-json\/wp\/v2\/pages"}],"about":[{"href":"https:\/\/www.krakauer-haus.de\/kh-test\/index.php\/wp-json\/wp\/v2\/types\/page"}],"author":[{"embeddable":true,"href":"https:\/\/www.krakauer-haus.de\/kh-test\/index.php\/wp-json\/wp\/v2\/users\/2"}],"replies":[{"embeddable":true,"href":"https:\/\/www.krakauer-haus.de\/kh-test\/index.php\/wp-json\/wp\/v2\/comments?post=2384"}],"version-history":[{"count":49,"href":"https:\/\/www.krakauer-haus.de\/kh-test\/index.php\/wp-json\/wp\/v2\/pages\/2384\/revisions"}],"predecessor-version":[{"id":12364,"href":"https:\/\/www.krakauer-haus.de\/kh-test\/index.php\/wp-json\/wp\/v2\/pages\/2384\/revisions\/12364"}],"wp:attachment":[{"href":"https:\/\/www.krakauer-haus.de\/kh-test\/index.php\/wp-json\/wp\/v2\/media?parent=2384"}],"curies":[{"name":"wp","href":"https:\/\/api.w.org\/{rel}","templated":true}]}}