{"id":20,"date":"2018-12-06T16:33:44","date_gmt":"2018-12-06T15:33:44","guid":{"rendered":"http:\/\/www.krakauer-haus.de\/kh-test\/?page_id=20"},"modified":"2026-04-11T03:15:33","modified_gmt":"2026-04-11T01:15:33","slug":"kontakt","status":"publish","type":"page","link":"https:\/\/www.krakauer-haus.de\/kh-test\/index.php\/kontakt\/","title":{"rendered":"Kontakt"},"content":{"rendered":"<p>[et_pb_section fb_built=&#8220;1&#8243; fullwidth=&#8220;on&#8220; _builder_version=&#8220;4.16&#8243; custom_padding=&#8220;0|0px|0|0px|false|false&#8220; locked=&#8220;off&#8220; global_colors_info=&#8220;{}&#8220;][et_pb_fullwidth_header title=&#8220;Kontakt&#8220; _builder_version=&#8220;4.16&#8243; background_color=&#8220;#004a7c&#8220; global_colors_info=&#8220;{}&#8220;][\/et_pb_fullwidth_header][\/et_pb_section][et_pb_section fb_built=&#8220;1&#8243; _builder_version=&#8220;4.16&#8243; _module_preset=&#8220;default&#8220; custom_padding=&#8220;||30px|||&#8220; global_colors_info=&#8220;{}&#8220;][et_pb_row _builder_version=&#8220;4.16&#8243; _module_preset=&#8220;default&#8220; global_colors_info=&#8220;{}&#8220;][et_pb_column type=&#8220;4_4&#8243; _builder_version=&#8220;4.16&#8243; _module_preset=&#8220;default&#8220; global_colors_info=&#8220;{}&#8220;][et_pb_text _builder_version=&#8220;4.25.0&#8243; _module_preset=&#8220;default&#8220; global_colors_info=&#8220;{}&#8220;]<\/p>\n<h1 style=\"text-align: center;\"><span style=\"color: #808080;\"><strong>KULTURZENTRUM KRAKAUER HAUS<\/strong><\/span><\/h1>\n<p>[\/et_pb_text][\/et_pb_column][\/et_pb_row][et_pb_row _builder_version=&#8220;4.16&#8243; _module_preset=&#8220;default&#8220; global_colors_info=&#8220;{}&#8220;][et_pb_column type=&#8220;4_4&#8243; _builder_version=&#8220;4.16&#8243; _module_preset=&#8220;default&#8220; global_colors_info=&#8220;{}&#8220;][et_pb_divider _builder_version=&#8220;4.16&#8243; _module_preset=&#8220;default&#8220; global_colors_info=&#8220;{}&#8220;][\/et_pb_divider][\/et_pb_column][\/et_pb_row][\/et_pb_section][et_pb_section fb_built=&#8220;1&#8243; _builder_version=&#8220;4.16&#8243; custom_padding=&#8220;8px|||||&#8220; ab_goal=&#8220;on&#8220; global_colors_info=&#8220;{}&#8220;][et_pb_row use_custom_gutter=&#8220;on&#8220; make_equal=&#8220;on&#8220; _builder_version=&#8220;4.16&#8243; background_color=&#8220;RGBA(0,0,0,0)&#8220; module_alignment=&#8220;center&#8220; border_radii=&#8220;on|3px|3px|3px|3px&#8220; global_colors_info=&#8220;{}&#8220;][et_pb_column type=&#8220;4_4&#8243; _builder_version=&#8220;4.16&#8243; global_colors_info=&#8220;{}&#8220;][et_pb_image src=&#8220;https:\/\/www.krakauer-haus.de\/kh-test\/wp-content\/uploads\/2024\/06\/napis.png&#8220; title_text=&#8220;napis&#8220; _builder_version=&#8220;4.27.5&#8243; _module_preset=&#8220;default&#8220; width=&#8220;65%&#8220; global_colors_info=&#8220;{}&#8220;][\/et_pb_image][\/et_pb_column][\/et_pb_row][et_pb_row column_structure=&#8220;1_2,1_2&#8243; _builder_version=&#8220;4.16&#8243; _module_preset=&#8220;default&#8220; global_colors_info=&#8220;{}&#8220;][et_pb_column type=&#8220;1_2&#8243; _builder_version=&#8220;4.16&#8243; _module_preset=&#8220;default&#8220; global_colors_info=&#8220;{}&#8220;][et_pb_divider show_divider=&#8220;off&#8220; _builder_version=&#8220;4.25.0&#8243; _module_preset=&#8220;default&#8220; global_colors_info=&#8220;{}&#8220;][\/et_pb_divider][et_pb_divider show_divider=&#8220;off&#8220; _builder_version=&#8220;4.25.0&#8243; _module_preset=&#8220;default&#8220; global_colors_info=&#8220;{}&#8220;][\/et_pb_divider][et_pb_text _builder_version=&#8220;4.27.6&#8243; _module_preset=&#8220;default&#8220; global_colors_info=&#8220;{}&#8220;]<\/p>\n<p>Leitung: Katarzyna Prusik-Lutz<br \/>Email: <a href=\"mailto:kontakt@krakauer-haus.de\">kontakt@krakauer-haus.de<\/a><\/p>\n<p>&nbsp;<\/p>\n<p>[\/et_pb_text][et_pb_text _builder_version=&#8220;4.27.5&#8243; global_colors_info=&#8220;{}&#8220;]<\/p>\n<h1><strong>Kontaktadresse:<\/strong><\/h1>\n<p><strong><\/strong><\/p>\n<p><strong>Krakauer Haus<\/strong><br \/>Hintere Insel Sch\u00fctt 34<br \/>90403 N\u00fcrnberg<br \/>Deutschland<\/p>\n<p>&nbsp;<\/p>\n<p>[\/et_pb_text][et_pb_text _builder_version=&#8220;4.27.5&#8243; global_colors_info=&#8220;{}&#8220;]<\/p>\n<h1><strong>Rechnungsadresse:<\/strong><\/h1>\n<p><strong><\/strong><\/p>\n<p><strong>Krakowskie Biuro Festiwalowe<br \/><\/strong>Ul. Wygrana 2<br \/>30-311 Krak\u00f3w<br \/>NIP: 676-17-87-436<\/p>\n<p>&nbsp;<\/p>\n<p>[\/et_pb_text][et_pb_text _builder_version=&#8220;4.27.5&#8243; global_colors_info=&#8220;{}&#8220;]<\/p>\n<h1>Das Team:<\/h1>\n<p>&nbsp;<\/p>\n<p data-start=\"172\" data-end=\"195\"><strong data-start=\"172\" data-end=\"193\">Kasia (Katarzyna) Prusik-Lutz<br \/><\/strong>Freiberufliche Leiterin des Krakauer Hauses, bildende K\u00fcnstlerin, Kuratorin und Kunstp\u00e4dagogin. Sie absolvierte die Akademie der Sch\u00f6nen K\u00fcnste in Krakau und die Akademie der Bildenden K\u00fcnste in N\u00fcrnberg.<br \/>Seit 2018 leitet sie das Krakauer Haus in N\u00fcrnberg und verbindet dabei ihre k\u00fcnstlerische und kuratorische Praxis mit organisatorischer Arbeit sowie internationaler Kulturvermittlung.<br \/>Sie ist verantwortlich f\u00fcr die Programmkonzeption sowie die Umsetzung kultureller und edukativer Projekte und arbeitet mit Kulturinstitutionen und Stadtverwaltungen in Polen und Deutschland zusammen.<br \/>Ihr Schwerpunkt liegt auf zeitgen\u00f6ssischer Kunst, urbaner Kultur sowie Projekten f\u00fcr Kinder und Jugendliche.<\/p>\n<p><strong>KBF \u2013 Krakowskie Biuro Festiwalowe<\/strong><br \/>ist eine st\u00e4dtische Kulturinstitution der Stadt Krak\u00f3w. Sie organisiert und koordiniert zahlreiche kulturelle Veranstaltungen und Festivals in Krakau und ist zudem f\u00fcr die T\u00e4tigkeit des Krakauer Hauses in N\u00fcrnberg verantwortlich.<\/p>\n<p>&nbsp;<\/p>\n<p>[\/et_pb_text][et_pb_text disabled_on=&#8220;on|on|on&#8220; _builder_version=&#8220;4.27.6&#8243; disabled=&#8220;on&#8220; global_colors_info=&#8220;{}&#8220;]<\/p>\n<p data-start=\"172\" data-end=\"195\">\n<p><strong><\/strong><\/p>\n<p><strong>Adam Cmiel<br \/><\/strong>Visueller K\u00fcnstler und seit 2025 technischer Assistent im Krakauer Haus.<br \/>Mit seinem handwerklichen Geschick unterst\u00fctzt er den Aufbau von Ausstellungen, die Umsetzung kunstbezogener Projekte sowie alle technischen und organisatorischen Arbeiten vor Ort.<\/p>\n<p>&nbsp;<\/p>\n<p>[\/et_pb_text][et_pb_text disabled_on=&#8220;on|on|on&#8220; _builder_version=&#8220;4.25.0&#8243; custom_margin=&#8220;|||&#8220; disabled=&#8220;on&#8220; ab_subject=&#8220;on&#8220; ab_subject_id=&#8220;1&#8243; global_colors_info=&#8220;{}&#8220;][\/et_pb_text][\/et_pb_column][et_pb_column type=&#8220;1_2&#8243; _builder_version=&#8220;4.17.6&#8243; _module_preset=&#8220;default&#8220; global_colors_info=&#8220;{}&#8220;][et_pb_text _builder_version=&#8220;4.27.5&#8243; _module_preset=&#8220;default&#8220; text_text_color=&#8220;#0d7edb&#8220; global_colors_info=&#8220;{}&#8220;]<\/p>\n<p><span style=\"color: #993300;\">Liebe G\u00e4ste,<\/span><\/p>\n<p><span style=\"color: #993300;\">Da unsere \u00d6ffnungszeiten zwischen den Ausstellungen flexibel sind,<\/span><br \/><span style=\"color: #993300;\">kontaktieren Sie uns bitte per E-Mail, um einen Termin zu vereinbaren.<\/span><\/p>\n<h3><span style=\"color: #993300;\"><a href=\"mailto:kontakt@krakauer-haus.de\" style=\"color: #993300;\">kontakt@krakauer-haus.de<\/a><\/span><\/h3>\n<p><span style=\"color: #993300;\">Wir vermieten den Verantaltungsraum <span style=\"text-decoration: underline;\">nicht<\/span> f\u00fcr private Veranstaltungen.<\/span><\/p>\n<p><span style=\"color: #993300;\">Wenn Sie mit dem Restaurant Kontakt aufnehmen m\u00f6chten, senden Sie bitte eine E-Mail an diese Adresse:<\/span><br \/><span style=\"color: #993300;\"><a href=\"mailto:info@restauration-kopernikus.de\" style=\"color: #993300;\">info@restauration-kopernikus.de<\/a><\/span><\/p>\n<p><span style=\"color: #993300;\">\u00a0<\/span><\/p>\n<p><span style=\"color: #993300;\">Mit besten Gr\u00fc\u00dfen,<\/span><br \/><span style=\"color: #993300;\">Kulturzenrum des Krakauer Hauses<\/span><\/p>\n<p><span style=\"color: #993300;\">\u00a0<\/span><\/p>\n<p>[\/et_pb_text][et_pb_button button_url=&#8220;http:\/\/www.krakauer-haus.de\/?page_id=8347&#038;et_fb=1&#038;PageSpeed=off&#8220; url_new_window=&#8220;on&#8220; button_text=&#8220;NEWSLETTER&#8220; button_alignment=&#8220;left&#8220; _builder_version=&#8220;4.27.5&#8243; _module_preset=&#8220;default&#8220; global_colors_info=&#8220;{}&#8220;][\/et_pb_button][et_pb_button button_url=&#8220;http:\/\/www.krakauer-haus.de\/index.php\/kulturzentrum\/?et_fb=1&#038;PageSpeed=off&#8220; url_new_window=&#8220;on&#8220; button_text=&#8220;WER WIR SIND&#8220; button_alignment=&#8220;left&#8220; _builder_version=&#8220;4.27.5&#8243; _module_preset=&#8220;default&#8220; global_colors_info=&#8220;{}&#8220;][\/et_pb_button][et_pb_image src=&#8220;https:\/\/www.krakauer-haus.de\/kh-test\/wp-content\/uploads\/2019\/05\/KrakauerHaus_BlaueNacht19_Foto-Kat-Pfeiffer-15-1-e1557147576394.jpg&#8220; disabled_on=&#8220;on|on|on&#8220; _builder_version=&#8220;4.25.0&#8243; _module_preset=&#8220;default&#8220; disabled=&#8220;on&#8220; locked=&#8220;off&#8220; global_colors_info=&#8220;{}&#8220;][\/et_pb_image][\/et_pb_column][\/et_pb_row][et_pb_row _builder_version=&#8220;4.16&#8243; _module_preset=&#8220;default&#8220; global_colors_info=&#8220;{}&#8220;][et_pb_column type=&#8220;4_4&#8243; _builder_version=&#8220;4.16&#8243; _module_preset=&#8220;default&#8220; global_colors_info=&#8220;{}&#8220;][et_pb_text _builder_version=&#8220;4.25.0&#8243; _module_preset=&#8220;default&#8220; global_colors_info=&#8220;{}&#8220;]<\/p>\n<h1 style=\"text-align: center;\"><span style=\"color: #808080;\"><strong>WEITERE EINRICHTUNGEN IM HAUS<\/strong><\/span><\/h1>\n<p>[\/et_pb_text][\/et_pb_column][\/et_pb_row][et_pb_row _builder_version=&#8220;4.16&#8243; _module_preset=&#8220;default&#8220; global_colors_info=&#8220;{}&#8220;][et_pb_column type=&#8220;4_4&#8243; _builder_version=&#8220;4.16&#8243; _module_preset=&#8220;default&#8220; global_colors_info=&#8220;{}&#8220;][et_pb_divider _builder_version=&#8220;4.16&#8243; _module_preset=&#8220;default&#8220; global_colors_info=&#8220;{}&#8220;][\/et_pb_divider][\/et_pb_column][\/et_pb_row][et_pb_row _builder_version=&#8220;4.27.5&#8243; _module_preset=&#8220;default&#8220; global_colors_info=&#8220;{}&#8220;][et_pb_column type=&#8220;4_4&#8243; _builder_version=&#8220;4.27.5&#8243; _module_preset=&#8220;default&#8220; background_color=&#8220;RGBA(255,255,255,0)&#8220; global_colors_info=&#8220;{}&#8220;][et_pb_text _builder_version=&#8220;4.27.6&#8243; _module_preset=&#8220;default&#8220; background_color=&#8220;RGBA(255,255,255,0)&#8220; global_colors_info=&#8220;{}&#8220;]<\/p>\n<p>\u2192 <a href=\"https:\/\/www.restauration-kopernikus.de\/\" target=\"_blank\" rel=\"noopener\">RESTAURANT KOPERNIKUS\u00a0<\/a><\/p>\n<p>Tel: +49 911 2427740<\/p>\n<p>[\/et_pb_text][et_pb_text _builder_version=&#8220;4.27.6&#8243; _module_preset=&#8220;default&#8220; background_color=&#8220;RGBA(255,255,255,0)&#8220; global_colors_info=&#8220;{}&#8220;]<\/p>\n<p><a href=\"https:\/\/www.polenreisen-nuernberg.de\/\" target=\"_blank\" rel=\"noopener\">\u2192 Reiseb\u00fcro POLENREISEN<br \/>und Informationszentrum der Stadt Krakau<\/a><\/p>\n<p>Tel: +49 911225031<\/p>\n<p>[\/et_pb_text][et_pb_text _builder_version=&#8220;4.27.6&#8243; _module_preset=&#8220;default&#8220; background_color=&#8220;RGBA(255,255,255,0)&#8220; global_colors_info=&#8220;{}&#8220;]<\/p>\n<p><a href=\"https:\/\/dpgf-nuernberg.de\/\">\u2192DEUTSCH-POLNISCHE GESELLSCHAFT IN FRANKEN eV.<\/a><\/p>\n<p>&nbsp;<\/p>\n<p>[\/et_pb_text][et_pb_text disabled_on=&#8220;on|on|on&#8220; _builder_version=&#8220;4.27.6&#8243; _module_preset=&#8220;default&#8220; background_color=&#8220;RGBA(255,255,255,0)&#8220; disabled=&#8220;on&#8220; global_colors_info=&#8220;{}&#8220;]<\/p>\n<p><a href=\"https:\/\/www.krakauer-haus.de\/kh-test\/wp-content\/uploads\/2022\/12\/Retrospektive_KTeV-Projekt.pdf\" target=\"_blank\" rel=\"noopener\">\u2192KRAKAUER TURM VEREIN<\/a><\/p>\n<p>&nbsp;<\/p>\n<p>[\/et_pb_text][\/et_pb_column][\/et_pb_row][\/et_pb_section][et_pb_section fb_built=&#8220;1&#8243; _builder_version=&#8220;4.19.5&#8243; _module_preset=&#8220;default&#8220; global_colors_info=&#8220;{}&#8220;][et_pb_row _builder_version=&#8220;4.19.5&#8243; _module_preset=&#8220;default&#8220; global_colors_info=&#8220;{}&#8220;][et_pb_column type=&#8220;4_4&#8243; _builder_version=&#8220;4.19.5&#8243; _module_preset=&#8220;default&#8220; global_colors_info=&#8220;{}&#8220;][et_pb_image src=&#8220;https:\/\/www.krakauer-haus.de\/kh-test\/wp-content\/uploads\/2019\/10\/0Jubileusz-40lat_11.10.2019_\u220f-Kat-Pfeiffer-6121-e1571229068829.jpg&#8220; title_text=&#8220;40 Jahre St\u00e4dtepartnerschaft, Kunstinstallation von D. Stanislawski&#8220; _builder_version=&#8220;4.19.5&#8243; _module_preset=&#8220;default&#8220; global_colors_info=&#8220;{}&#8220;][\/et_pb_image][\/et_pb_column][\/et_pb_row][et_pb_row _builder_version=&#8220;4.19.5&#8243; _module_preset=&#8220;default&#8220; global_colors_info=&#8220;{}&#8220;][et_pb_column type=&#8220;4_4&#8243; _builder_version=&#8220;4.19.5&#8243; _module_preset=&#8220;default&#8220; global_colors_info=&#8220;{}&#8220;][et_pb_text _builder_version=&#8220;4.27.6&#8243; _module_preset=&#8220;default&#8220; global_colors_info=&#8220;{}&#8220;]<\/p>\n<p><em>Hello<\/em> &#8211; Kunstinstallation von Dominik Stanislawski, <span>St\u00e4dtepartnerschaftsjubil\u00e4um<\/span>, \u00a0Starssenbahn 2019, Foto: Kat Pfeiffer<\/p>\n<p>[\/et_pb_text][\/et_pb_column][\/et_pb_row][\/et_pb_section][et_pb_section fb_built=&#8220;1&#8243; _builder_version=&#8220;4.16&#8243; global_colors_info=&#8220;{}&#8220;][et_pb_row _builder_version=&#8220;4.16&#8243; custom_padding=&#8220;27px|0px|0|1px|false|false&#8220; locked=&#8220;off&#8220; global_colors_info=&#8220;{}&#8220;][et_pb_column type=&#8220;4_4&#8243; _builder_version=&#8220;4.16&#8243; custom_padding=&#8220;|||&#8220; global_colors_info=&#8220;{}&#8220; custom_padding__hover=&#8220;|||&#8220;][et_pb_text _builder_version=&#8220;4.27.6&#8243; custom_padding=&#8220;|27px||&#8220; global_colors_info=&#8220;{}&#8220;]<\/p>\n<h1><strong>Anfahrt:<\/strong><\/h1>\n<p style=\"text-align: left;\"><strong>\u00d6ffentlicher Verkehr:<\/strong> U-Bahn Haltestelle W\u00f6rder Wiese.<\/p>\n<p style=\"text-align: left;\"><strong>Auto:<\/strong>\u00a0das Parken vor dem Haus ist leider fast unm\u00f6glich &#8211; es gibt nur wenige Parkpl\u00e4tze, die meistens belegt sind.<\/p>\n<p style=\"text-align: left;\"><span><\/span>Am\u00a0n\u00e4chst gelegene Parkh\u00e4user:<\/p>\n<p>[\/et_pb_text][\/et_pb_column][\/et_pb_row][et_pb_row _builder_version=&#8220;4.16&#8243; custom_padding=&#8220;27px|0px|27px|0|false|false&#8220; global_colors_info=&#8220;{}&#8220;][et_pb_column type=&#8220;4_4&#8243; _builder_version=&#8220;4.16&#8243; custom_padding=&#8220;|||&#8220; global_colors_info=&#8220;{}&#8220; custom_padding__hover=&#8220;|||&#8220;][et_pb_text _builder_version=&#8220;4.27.6&#8243; global_colors_info=&#8220;{}&#8220;]<\/p>\n<p>N\u00fcrnberger Akademie<br \/>Rosa-Luxemburg-Platz 1<br \/>90403 N\u00fcrnberg<\/p>\n<p><strong><span><\/span><\/strong><\/p>\n<p>[\/et_pb_text][et_pb_text _builder_version=&#8220;4.27.6&#8243; custom_margin=&#8220;||0px|&#8220; custom_padding=&#8220;|||0px&#8220; global_colors_info=&#8220;{}&#8220;]<\/p>\n<p>\u00a0GALERIA Karstadt Kaufhof GmbH<br \/>Vordere Insel Sch\u00fctt 3<br \/>90403 N\u00fcrnberg<\/p>\n<p>&nbsp;<\/p>\n<p>[\/et_pb_text][et_pb_text _builder_version=&#8220;4.27.6&#8243; global_colors_info=&#8220;{}&#8220;]<\/p>\n<p>PS Parkhaus Service N\u00fcrnberg GmbH<br \/>Katharinenhof<br \/>Katharinengasse 14<br \/>90403 N\u00fcrnberg<\/p>\n<p>&nbsp;<\/p>\n<p>[\/et_pb_text][\/et_pb_column][\/et_pb_row][\/et_pb_section][et_pb_section fb_built=&#8220;1&#8243; _builder_version=&#8220;4.16&#8243; background_color=&#8220;#919191&#8243; custom_padding=&#8220;0|0px|0px|0px|false|false&#8220; locked=&#8220;off&#8220; global_colors_info=&#8220;{}&#8220; disabled_on=&#8220;on|on|on&#8220; disabled=&#8220;on&#8220;][et_pb_row column_structure=&#8220;1_3,1_3,1_3&#8243; _builder_version=&#8220;4.16&#8243; global_colors_info=&#8220;{}&#8220;][et_pb_column type=&#8220;1_3&#8243; _builder_version=&#8220;4.16&#8243; custom_padding=&#8220;|||&#8220; global_colors_info=&#8220;{}&#8220; custom_padding__hover=&#8220;|||&#8220;][et_pb_text _builder_version=&#8220;4.16&#8243; global_colors_info=&#8220;{}&#8220;][\/et_pb_text][et_pb_image src=&#8220;http:\/\/www.krakauer-haus.de\/kh-test\/wp-content\/uploads\/2019\/01\/KH-HAUPT-1.png&#8220; align=&#8220;center&#8220; align_tablet=&#8220;center&#8220; align_phone=&#8220;&#8220; align_last_edited=&#8220;on|desktop&#8220; _builder_version=&#8220;4.16&#8243; max_width=&#8220;55%&#8220; module_alignment=&#8220;center&#8220; locked=&#8220;off&#8220; global_colors_info=&#8220;{}&#8220;][\/et_pb_image][\/et_pb_column][et_pb_column type=&#8220;1_3&#8243; _builder_version=&#8220;4.16&#8243; custom_padding=&#8220;|||&#8220; global_colors_info=&#8220;{}&#8220; custom_padding__hover=&#8220;|||&#8220;][et_pb_text _builder_version=&#8220;4.16&#8243; locked=&#8220;off&#8220; global_colors_info=&#8220;{}&#8220;]<\/p>\n<h2><span style=\"color: #ffffff;\"><strong>\u00a0 \u00a0 \u00a0 \u00a0<\/strong><\/span><\/h2>\n<h2><span color=\"#ffffff\" style=\"color: #ffffff;\"><span style=\"caret-color: #ffffff;\">\u00a0<span style=\"color: #000000;\">KRAKAUER HAUS<\/span><\/span><\/span><\/h2>\n<p>[\/et_pb_text][et_pb_text _builder_version=&#8220;4.16&#8243; global_colors_info=&#8220;{}&#8220;]<\/p>\n<p><span style=\"color: #ffffff;\">Kulturzentrum im Krakauer Haus<\/span><\/p>\n<p><span style=\"color: #ffffff;\">Hintere Insel Sch\u00fctt 34<\/span><br \/> <span style=\"color: #ffffff;\">90403 N\u00fcrnberg<\/span><\/p>\n<p><span style=\"color: #ffffff;\">Tel: 0911 22 41 20<\/span><\/p>\n<p><span style=\"color: #ffffff;\">Fax: 0911 24 48 241<\/span><\/p>\n<p><span style=\"color: #ffffff;\">Email:<a href=\"mailto:kontakt@krakauer-haus.de\"><span style=\"color: #ffffff;\"> kontakt@krakauer-haus.de<\/span><\/a><\/span><\/p>\n<p><a href=\"http:\/\/www.krakauer-haus.de\"><span><\/span><\/a><span><\/span><\/p>\n<p style=\"text-align: center;\"><span style=\"color: #ffffff;\"><a href=\"https:\/\/www.krakow.pl\/krakau_weltoffene_stadt\" title=\" KRAKAU DIE WELTOFFENE STADT\" style=\"color: #ffffff;\" target=\"_blank\" rel=\"noopener noreferrer\">\u00a0<\/a><\/span><\/p>\n<p>[\/et_pb_text][\/et_pb_column][et_pb_column type=&#8220;1_3&#8243; _builder_version=&#8220;4.16&#8243; custom_padding=&#8220;|||&#8220; global_colors_info=&#8220;{}&#8220; custom_padding__hover=&#8220;|||&#8220;][et_pb_text _builder_version=&#8220;4.16&#8243; global_colors_info=&#8220;{}&#8220;]<\/p>\n<h2><span style=\"color: #ffffff;\"><strong>\u00a0 \u00a0 \u00a0 \u00a0<\/strong><\/span><\/h2>\n<h2><span style=\"color: #000000;\"><strong>\u00a0<\/strong>LINKS<\/span><\/h2>\n<p>[\/et_pb_text][et_pb_text _builder_version=&#8220;4.16&#8243; global_colors_info=&#8220;{}&#8220;]<\/p>\n<p style=\"text-align: left;\"><span style=\"color: #ffffff;\"><a href=\"https:\/\/dom-norymberski.com\/\" title=\"N\u00dcRNBERGER HAUS IN KRAKAU\" target=\"_blank\" rel=\"noopener noreferrer\" style=\"color: #ffffff;\">N\u00dcRNBERGER HAUS IN KRAKAU<\/a><\/span><\/p>\n<p style=\"text-align: left;\"><span style=\"color: #ffffff;\"><a href=\"https:\/\/www.krakow.pl\/krakau_weltoffene_stadt\" title=\" KRAKAU DIE WELTOFFENE STADT\" target=\"_blank\" rel=\"noopener noreferrer\" style=\"color: #ffffff;\">KRAKAU DIE WELTOFFENE STADT<\/a><\/span><\/p>\n<p style=\"text-align: left;\"><span style=\"color: #ffffff;\"><a href=\"https:\/\/www.dpgf-nuernberg.de\" target=\"_blank\" rel=\"noopener noreferrer\" title=\" DEUTSCH POLNISCHE GESELSCHAFT IN FRANKEN\" style=\"color: #ffffff;\">DEUTSCH POLNISCHE GESELSCHAFT IN FRANKEN<\/a><\/span><\/p>\n<p style=\"text-align: left;\"><span style=\"color: #ffffff;\"><a href=\"https:\/\/krakauer-turm.de\" target=\"_blank\" rel=\"noopener noreferrer\" title=\"KRAKAUER TURM VEREIN\" style=\"color: #ffffff;\">KRAKAUER TURM VEREIN<\/a><\/span><\/p>\n<p style=\"text-align: left;\"><span style=\"color: #ffffff; font-size: 14px;\"><a href=\"https:\/\/www.restauration-kopernikus.de\/\" target=\"_blank\" rel=\"noopener noreferrer\" title=\"RESTAURANT KOPERNIKUS\" style=\"color: #ffffff;\">RESTAURANT KOPERNIKUS<\/a><\/span><\/p>\n<p style=\"text-align: left;\"><span style=\"font-size: 14px;\"><a href=\"https:\/\/www.nuernberg.de\/internet\/international\/partnerstaedte.html\"><span style=\"color: #ffffff;\">AMT F\u00dcR INTERNATIONALE BEZIEHUNGEN <\/span><\/a><\/span><\/p>\n<p>[\/et_pb_text][\/et_pb_column][\/et_pb_row][\/et_pb_section]<\/p>\n","protected":false},"excerpt":{"rendered":"<p>KULTURZENTRUM KRAKAUER HAUSLeitung: Katarzyna Prusik-LutzEmail: kontakt@krakauer-haus.de &nbsp;Kontaktadresse: Krakauer HausHintere Insel Sch\u00fctt 3490403 N\u00fcrnbergDeutschland &nbsp;Rechnungsadresse: Krakowskie Biuro FestiwaloweUl. Wygrana 230-311 Krak\u00f3wNIP: 676-17-87-436 &nbsp;Das Team: &nbsp; Kasia (Katarzyna) Prusik-LutzFreiberufliche Leiterin des Krakauer [&hellip;]<\/p>\n","protected":false},"author":1,"featured_media":0,"parent":0,"menu_order":0,"comment_status":"closed","ping_status":"closed","template":"","meta":{"_et_pb_use_builder":"on","_et_pb_old_content":"","_et_gb_content_width":"","_price":"","_stock":"","_tribe_ticket_header":"","_tribe_default_ticket_provider":"","_tribe_ticket_capacity":"0","_ticket_start_date":"","_ticket_end_date":"","_tribe_ticket_show_description":"","_tribe_ticket_show_not_going":false,"_tribe_ticket_use_global_stock":"","_tribe_ticket_global_stock_level":"","_global_stock_mode":"","_global_stock_cap":"","_tribe_rsvp_for_event":"","_tribe_ticket_going_count":"","_tribe_ticket_not_going_count":"","_tribe_tickets_list":"[]","_tribe_ticket_has_attendee_info_fields":false,"footnotes":"","_tec_slr_enabled":"","_tec_slr_layout":""},"class_list":["post-20","page","type-page","status-publish","hentry"],"ticketed":false,"_links":{"self":[{"href":"https:\/\/www.krakauer-haus.de\/kh-test\/index.php\/wp-json\/wp\/v2\/pages\/20","targetHints":{"allow":["GET"]}}],"collection":[{"href":"https:\/\/www.krakauer-haus.de\/kh-test\/index.php\/wp-json\/wp\/v2\/pages"}],"about":[{"href":"https:\/\/www.krakauer-haus.de\/kh-test\/index.php\/wp-json\/wp\/v2\/types\/page"}],"author":[{"embeddable":true,"href":"https:\/\/www.krakauer-haus.de\/kh-test\/index.php\/wp-json\/wp\/v2\/users\/1"}],"replies":[{"embeddable":true,"href":"https:\/\/www.krakauer-haus.de\/kh-test\/index.php\/wp-json\/wp\/v2\/comments?post=20"}],"version-history":[{"count":99,"href":"https:\/\/www.krakauer-haus.de\/kh-test\/index.php\/wp-json\/wp\/v2\/pages\/20\/revisions"}],"predecessor-version":[{"id":12434,"href":"https:\/\/www.krakauer-haus.de\/kh-test\/index.php\/wp-json\/wp\/v2\/pages\/20\/revisions\/12434"}],"wp:attachment":[{"href":"https:\/\/www.krakauer-haus.de\/kh-test\/index.php\/wp-json\/wp\/v2\/media?parent=20"}],"curies":[{"name":"wp","href":"https:\/\/api.w.org\/{rel}","templated":true}]}}