{"id":18,"date":"2018-12-06T16:33:23","date_gmt":"2018-12-06T15:33:23","guid":{"rendered":"http:\/\/www.krakauer-haus.de\/kh-test\/?page_id=18"},"modified":"2023-01-10T15:59:59","modified_gmt":"2023-01-10T14:59:59","slug":"raummiete","status":"publish","type":"page","link":"https:\/\/www.krakauer-haus.de\/kh-test\/index.php\/raummiete\/","title":{"rendered":"Raummiete"},"content":{"rendered":"<p>[et_pb_section fb_built=&#8220;1&#8243; fullwidth=&#8220;on&#8220; _builder_version=&#8220;4.16&#8243; custom_padding=&#8220;0|0px|0|0px|false|false&#8220; locked=&#8220;off&#8220; global_colors_info=&#8220;{}&#8220;][et_pb_fullwidth_header title=&#8220;Raummiete&#8220; _builder_version=&#8220;4.19.4&#8243; background_color=&#8220;#004a7c&#8220; hover_enabled=&#8220;0&#8243; global_colors_info=&#8220;{}&#8220; sticky_enabled=&#8220;0&#8243;][\/et_pb_fullwidth_header][\/et_pb_section][et_pb_section fb_built=&#8220;1&#8243; _builder_version=&#8220;4.16&#8243; locked=&#8220;off&#8220; global_colors_info=&#8220;{}&#8220;][et_pb_row _builder_version=&#8220;4.16&#8243; _module_preset=&#8220;default&#8220; global_colors_info=&#8220;{}&#8220;][et_pb_column type=&#8220;4_4&#8243; _builder_version=&#8220;4.16&#8243; _module_preset=&#8220;default&#8220; global_colors_info=&#8220;{}&#8220;][et_pb_text _builder_version=&#8220;4.19.4&#8243; _module_preset=&#8220;default&#8220; background_color=&#8220;#d6d6d6&#8243; animation_style=&#8220;zoom&#8220; animation_duration=&#8220;1050ms&#8220; hover_enabled=&#8220;0&#8243; global_colors_info=&#8220;{}&#8220; sticky_enabled=&#8220;0&#8243;]<\/p>\n<p style=\"text-align: center;\"><span style=\"color: #ff6600;\"><strong>Liebe G\u00e4ste,<\/strong><\/span><\/p>\n<p style=\"text-align: center;\">Leider vermieten wir unsere R\u00e4umlichkeiten nicht f\u00fcr private oder gesch\u00e4ftliche Veranstaltungen.<br \/>Wir danken Ihnen f\u00fcr Ihr Verst\u00e4ndnis.<\/p>\n<p style=\"text-align: center;\"><span style=\"color: #ff6600;\"> Mit besten Gr\u00fc\u00dfen,<\/span><br \/><span style=\"color: #ff6600;\"> Kulturzenrum des Krakauer Hauses<\/span><\/p>\n<p>[\/et_pb_text][\/et_pb_column][\/et_pb_row][\/et_pb_section]<\/p>\n","protected":false},"excerpt":{"rendered":"<p>Liebe G\u00e4ste, Leider vermieten wir unsere R\u00e4umlichkeiten nicht f\u00fcr private oder gesch\u00e4ftliche Veranstaltungen.Wir danken Ihnen f\u00fcr Ihr Verst\u00e4ndnis. Mit besten Gr\u00fc\u00dfen, Kulturzenrum des Krakauer Hauses<\/p>\n","protected":false},"author":1,"featured_media":0,"parent":0,"menu_order":0,"comment_status":"closed","ping_status":"closed","template":"","meta":{"_et_pb_use_builder":"on","_et_pb_old_content":"","_et_gb_content_width":"","_price":"","_stock":"","_tribe_ticket_header":"","_tribe_default_ticket_provider":"","_tribe_ticket_capacity":"0","_ticket_start_date":"","_ticket_end_date":"","_tribe_ticket_show_description":"","_tribe_ticket_show_not_going":false,"_tribe_ticket_use_global_stock":"","_tribe_ticket_global_stock_level":"","_global_stock_mode":"","_global_stock_cap":"","_tribe_rsvp_for_event":"","_tribe_ticket_going_count":"","_tribe_ticket_not_going_count":"","_tribe_tickets_list":"[]","_tribe_ticket_has_attendee_info_fields":false,"footnotes":"","_tec_slr_enabled":"","_tec_slr_layout":""},"class_list":["post-18","page","type-page","status-publish","hentry"],"ticketed":false,"_links":{"self":[{"href":"https:\/\/www.krakauer-haus.de\/kh-test\/index.php\/wp-json\/wp\/v2\/pages\/18","targetHints":{"allow":["GET"]}}],"collection":[{"href":"https:\/\/www.krakauer-haus.de\/kh-test\/index.php\/wp-json\/wp\/v2\/pages"}],"about":[{"href":"https:\/\/www.krakauer-haus.de\/kh-test\/index.php\/wp-json\/wp\/v2\/types\/page"}],"author":[{"embeddable":true,"href":"https:\/\/www.krakauer-haus.de\/kh-test\/index.php\/wp-json\/wp\/v2\/users\/1"}],"replies":[{"embeddable":true,"href":"https:\/\/www.krakauer-haus.de\/kh-test\/index.php\/wp-json\/wp\/v2\/comments?post=18"}],"version-history":[{"count":13,"href":"https:\/\/www.krakauer-haus.de\/kh-test\/index.php\/wp-json\/wp\/v2\/pages\/18\/revisions"}],"predecessor-version":[{"id":9238,"href":"https:\/\/www.krakauer-haus.de\/kh-test\/index.php\/wp-json\/wp\/v2\/pages\/18\/revisions\/9238"}],"wp:attachment":[{"href":"https:\/\/www.krakauer-haus.de\/kh-test\/index.php\/wp-json\/wp\/v2\/media?parent=18"}],"curies":[{"name":"wp","href":"https:\/\/api.w.org\/{rel}","templated":true}]}}