{"id":12412,"date":"2026-04-11T02:41:03","date_gmt":"2026-04-11T00:41:03","guid":{"rendered":"https:\/\/www.krakauer-haus.de\/kh-test\/?page_id=12412"},"modified":"2026-04-11T03:24:13","modified_gmt":"2026-04-11T01:24:13","slug":"artists","status":"publish","type":"page","link":"https:\/\/www.krakauer-haus.de\/kh-test\/index.php\/artists\/","title":{"rendered":"ARTISTS"},"content":{"rendered":"<p>[et_pb_section fb_built=&#8220;1&#8243; _builder_version=&#8220;4.27.6&#8243; _module_preset=&#8220;default&#8220; global_colors_info=&#8220;{}&#8220;][et_pb_row _builder_version=&#8220;4.27.6&#8243; _module_preset=&#8220;default&#8220; global_colors_info=&#8220;{}&#8220;][et_pb_column type=&#8220;4_4&#8243; _builder_version=&#8220;4.27.6&#8243; _module_preset=&#8220;default&#8220; global_colors_info=&#8220;{}&#8220;][et_pb_text _builder_version=&#8220;4.27.6&#8243; _module_preset=&#8220;default&#8220; global_colors_info=&#8220;{}&#8220;]<\/p>\n<p data-section-id=\"10nudhb\" data-start=\"106\" data-end=\"120\" style=\"text-align: center;\"><span role=\"text\">ARTISTS<\/span><\/p>\n<p data-start=\"101\" data-end=\"324\">Im Krakauer Haus begegnen sich K\u00fcnstler:innen, Musiker:innen, Filmemacher:innen und Autor:innen \u2013 mit einem besonderen Fokus auf die zeitgen\u00f6ssische Kunstszene aus Krak\u00f3w sowie auf Film- und Kulturschaffende aus ganz Polen.<br \/>Viele von ihnen waren fr\u00fch hier, andere kamen mit viel Erfahrung \u2013 und alle haben diesen Ort mitgepr\u00e4gt.<br \/>Hier finden Sie eine Auswahl der Menschen, die bei uns gearbeitet, ausgestellt, gespielt und ihre Ideen geteilt haben \u2013 mit Einblicken in ihre Projekte und Dokumentationen.<\/p>\n<p data-start=\"606\" data-end=\"638\" data-is-last-node=\"\" data-is-only-node=\"\">Das Archiv w\u00e4chst stetig weiter\u2026<\/p>\n<p>[\/et_pb_text][\/et_pb_column][\/et_pb_row][et_pb_row column_structure=&#8220;1_3,1_3,1_3&#8243; _builder_version=&#8220;4.27.6&#8243; _module_preset=&#8220;default&#8220; global_colors_info=&#8220;{}&#8220;][et_pb_column type=&#8220;1_3&#8243; _builder_version=&#8220;4.27.6&#8243; _module_preset=&#8220;default&#8220; global_colors_info=&#8220;{}&#8220;][et_pb_text _builder_version=&#8220;4.27.6&#8243; _module_preset=&#8220;default&#8220; hover_enabled=&#8220;0&#8243; global_colors_info=&#8220;{}&#8220; sticky_enabled=&#8220;0&#8243;]<\/p>\n<p><strong>Visual Arts<\/strong><\/p>\n<p>Aldona Kut<br \/>Anka Sasnal<br \/>Artur Lis<br \/>Artur Wabik<br \/>Bartosz Kokosi\u0144ski<br \/>Bartosz W\u0119grzyn<br \/>Bogdan Bachorczyk<br \/>Bo\u017cena Knapik<br \/>Cheong Kin Man<br \/>Cyryl Polaczek<br \/>Dawid Czycz<br \/>Dominik Czarnecki<br \/>Dominik Stanis\u0142awski<br \/>Dominika Goebel<br \/>Dorota Hadrian<br \/>Grzesiek Podsiadlik<br \/>Irenka Kalicka<br \/>Iwona Demko<br \/>Jakub Su\u0142ecki<br \/>Jana Shostak<br \/>Janusz D\u0105bkiewicz<br \/>Kaja Gliwa<br \/>Kasia Prusik-Lutz<br \/>Kinga Nowak<br \/>Klaudia Urbanek-K\u0119ku\u015b<br \/>Konrad Krzy\u017canowski<br \/>Magdalena Lazar<br \/>Magdalena Pylla<br \/>Ma\u0142gorzata Markiewicz<br \/>Ma\u0142gorzata Wielek<br \/>Maja Krysiak<br \/>Marcela Rybska<br \/>Marcin Czaja<br \/>Marcin Sipiora<br \/>Marta Antoniak<br \/>Marta Romanikov<br \/>Marta Sala<br \/>Martyna Fr\u0105ckowiak<br \/>Martyna Kielesi\u0144ska<br \/>Micha\u0142 Misiak<br \/>Micha\u0142 Soja<br \/>Micha\u0142 Zawada<br \/>Michalina Bigaj<br \/>Monika Dro\u017cy\u0144ska<br \/>Monika Smy\u0142a<br \/>Natallia Luksha<br \/>Olga Dymitrowska<br \/>Olga Z\u0105bro\u0144<br \/>Oliwia Ka\u0142wa<br \/>Oskar Cenkier<br \/>Pawe\u0142 Bro\u017cy\u0144ski<br \/>Piotr Bujak<br \/>Robert Nawe<br \/>R\u00f3\u017ca Duda<br \/>Sandra Buchta<br \/>Sebastian Kudas<br \/>Vala Foltyn<br \/>Voytek Blehash<br \/>Wilhelm Sasnal<\/p>\n<p>[\/et_pb_text][\/et_pb_column][et_pb_column type=&#8220;1_3&#8243; _builder_version=&#8220;4.27.6&#8243; _module_preset=&#8220;default&#8220; global_colors_info=&#8220;{}&#8220;][et_pb_text _builder_version=&#8220;4.27.6&#8243; _module_preset=&#8220;default&#8220; hover_enabled=&#8220;0&#8243; global_colors_info=&#8220;{}&#8220; sticky_enabled=&#8220;0&#8243;]<\/p>\n<p><strong>Film \/ Literature \/ Theatre<\/strong><\/p>\n<p>Agnieszka Holland<br \/>Andrzej Chyra<br \/>Anna Maliszewska<br \/>Bodo Kox<br \/>Dorota Mas\u0142owska<br \/>Elwira Niewiera<br \/>Jan Hrynkiewicz<br \/>Janusz Gajos<br \/>Jerzy Stuhr<br \/>Joanna Kos-Krauze<br \/>Jowita Budnik<br \/>Julia Jentsch<br \/>Krzysztof Krauze<br \/>Lech Majewski<br \/>Maciej Stuhr<br \/>Magda Cielecka<br \/>Ma\u0142gorzata Foremniak<br \/>Marek Kondrat<br \/>Marian Dzi\u0119dziel<br \/>Marcin Kwa\u015bny<br \/>Micha\u0142 Rusinek<br \/>Olga Tokarczuk<br \/>Pawe\u0142 Tomaszewski<br \/>Tomasz Bugajski<br \/>Tomasz Kot<br \/>Wies\u0142aw \u0141ysakowski<br \/>Wojciech Bonowicz<br \/>Wojciech Mecwaldowski<\/p>\n<p>&nbsp;<\/p>\n<p>[\/et_pb_text][\/et_pb_column][et_pb_column type=&#8220;1_3&#8243; _builder_version=&#8220;4.27.6&#8243; _module_preset=&#8220;default&#8220; global_colors_info=&#8220;{}&#8220;][et_pb_text _builder_version=&#8220;4.27.6&#8243; _module_preset=&#8220;default&#8220; global_colors_info=&#8220;{}&#8220;]<\/p>\n<p><strong>Music<\/strong><\/p>\n<p>Acid Sitter<br \/>Adam Piero\u0144czyk<br \/>Ampscent<br \/>Bartosz Dworak Quartet<br \/>Blindead<br \/>Ch\u0142opcy Kontra Basia<br \/>Gaba Kulka<br \/>Ha\u0144ba<br \/>Ircha<br \/>Kasia Pietrzko<br \/>Motion Trio<br \/>Ms. No One<br \/>Namena Lala<br \/>Neal Cassady<br \/>ninja Episkopat<br \/>O.W.L<br \/>Paula &amp; Karol<br \/>Pink Freud<br \/>Royber Trio<br \/>Rykarda Parasol<br \/>Sarapata<br \/>Thord Eye of the poet<br \/>Tymon Tyma\u0144ski<br \/>Wojtek Mazolewski Quintet<\/p>\n<p>[\/et_pb_text][\/et_pb_column][\/et_pb_row][\/et_pb_section]<\/p>\n","protected":false},"excerpt":{"rendered":"<p>ARTISTS Im Krakauer Haus begegnen sich K\u00fcnstler:innen, Musiker:innen, Filmemacher:innen und Autor:innen \u2013 mit einem besonderen Fokus auf die zeitgen\u00f6ssische Kunstszene aus Krak\u00f3w sowie auf Film- und Kulturschaffende aus ganz Polen.Viele [&hellip;]<\/p>\n","protected":false},"author":2,"featured_media":0,"parent":0,"menu_order":0,"comment_status":"closed","ping_status":"closed","template":"","meta":{"_et_pb_use_builder":"on","_et_pb_old_content":"","_et_gb_content_width":"","_price":"","_stock":"","_tribe_ticket_header":"","_tribe_default_ticket_provider":"","_tribe_ticket_capacity":"0","_ticket_start_date":"","_ticket_end_date":"","_tribe_ticket_show_description":"","_tribe_ticket_show_not_going":false,"_tribe_ticket_use_global_stock":"","_tribe_ticket_global_stock_level":"","_global_stock_mode":"","_global_stock_cap":"","_tribe_rsvp_for_event":"","_tribe_ticket_going_count":"","_tribe_ticket_not_going_count":"","_tribe_tickets_list":"[]","_tribe_ticket_has_attendee_info_fields":false,"footnotes":"","_tec_slr_enabled":"","_tec_slr_layout":""},"class_list":["post-12412","page","type-page","status-publish","hentry"],"ticketed":false,"_links":{"self":[{"href":"https:\/\/www.krakauer-haus.de\/kh-test\/index.php\/wp-json\/wp\/v2\/pages\/12412","targetHints":{"allow":["GET"]}}],"collection":[{"href":"https:\/\/www.krakauer-haus.de\/kh-test\/index.php\/wp-json\/wp\/v2\/pages"}],"about":[{"href":"https:\/\/www.krakauer-haus.de\/kh-test\/index.php\/wp-json\/wp\/v2\/types\/page"}],"author":[{"embeddable":true,"href":"https:\/\/www.krakauer-haus.de\/kh-test\/index.php\/wp-json\/wp\/v2\/users\/2"}],"replies":[{"embeddable":true,"href":"https:\/\/www.krakauer-haus.de\/kh-test\/index.php\/wp-json\/wp\/v2\/comments?post=12412"}],"version-history":[{"count":6,"href":"https:\/\/www.krakauer-haus.de\/kh-test\/index.php\/wp-json\/wp\/v2\/pages\/12412\/revisions"}],"predecessor-version":[{"id":12442,"href":"https:\/\/www.krakauer-haus.de\/kh-test\/index.php\/wp-json\/wp\/v2\/pages\/12412\/revisions\/12442"}],"wp:attachment":[{"href":"https:\/\/www.krakauer-haus.de\/kh-test\/index.php\/wp-json\/wp\/v2\/media?parent=12412"}],"curies":[{"name":"wp","href":"https:\/\/api.w.org\/{rel}","templated":true}]}}