{"id":11341,"date":"2025-02-07T19:24:23","date_gmt":"2025-02-07T18:24:23","guid":{"rendered":"https:\/\/www.krakauer-haus.de\/kh-test\/?page_id=11341"},"modified":"2025-02-07T22:17:52","modified_gmt":"2025-02-07T21:17:52","slug":"raumplan","status":"publish","type":"page","link":"https:\/\/www.krakauer-haus.de\/kh-test\/index.php\/raumplan\/","title":{"rendered":"Raumplan"},"content":{"rendered":"<p>[et_pb_section fb_built=&#8220;1&#8243; _builder_version=&#8220;4.27.3&#8243; _module_preset=&#8220;default&#8220; global_colors_info=&#8220;{}&#8220;][et_pb_row _builder_version=&#8220;4.27.3&#8243; _module_preset=&#8220;default&#8220; global_colors_info=&#8220;{}&#8220;][et_pb_column type=&#8220;4_4&#8243; _builder_version=&#8220;4.27.3&#8243; _module_preset=&#8220;default&#8220; global_colors_info=&#8220;{}&#8220;][et_pb_text _builder_version=&#8220;4.27.3&#8243; _module_preset=&#8220;default&#8220; global_colors_info=&#8220;{}&#8220;]<\/p>\n<h1 style=\"text-align: center;\">ARTSPACE KRAKAUER HAUS<\/h1>\n<p>[\/et_pb_text][\/et_pb_column][\/et_pb_row][et_pb_row column_structure=&#8220;1_2,1_2&#8243; _builder_version=&#8220;4.27.3&#8243; _module_preset=&#8220;default&#8220; global_colors_info=&#8220;{}&#8220;][et_pb_column type=&#8220;1_2&#8243; _builder_version=&#8220;4.27.3&#8243; _module_preset=&#8220;default&#8220; global_colors_info=&#8220;{}&#8220;][et_pb_text _builder_version=&#8220;4.27.3&#8243; _module_preset=&#8220;default&#8220; global_colors_info=&#8220;{}&#8220;]<\/p>\n<p>Przestrze\u0144 wystawowa Krakauer Haus mie\u015bci si\u0119 na najwy\u017cszym poziomie \u015bredniowiecznej baszty i sk\u0142ada si\u0119 z dw\u00f3ch pomieszcze\u0144 o unikalnym charakterze architektonicznym.<\/p>\n<p>Pierwsza kondygnacja to przestronna sala z terakotow\u0105 pod\u0142og\u0105, przeszklonymi \u015bcianami okiennymi oraz licznymi widocznymi belkami konstrukcyjnymi, kt\u00f3re podkre\u015blaj\u0105 historyczny charakter wn\u0119trza.<\/p>\n<p>Drugi poziom stanowi poddasze, kt\u00f3rego centraln\u0105 cz\u0119\u015b\u0107 zajmuje otw\u00f3r wizualnie \u0142\u0105cz\u0105cy obie kondygnacje. \u015aciany si\u0119gaj\u0105 tu oko\u0142o jednego metra wysoko\u015bci, po czym przechodz\u0105 w sko\u015bne po\u0142acie dachu, nadaj\u0105c przestrzeni kameralny i intymny charakter.<\/p>\n<p>[\/et_pb_text][et_pb_divider show_divider=&#8220;off&#8220; _builder_version=&#8220;4.27.3&#8243; _module_preset=&#8220;default&#8220; global_colors_info=&#8220;{}&#8220;][\/et_pb_divider][et_pb_divider show_divider=&#8220;off&#8220; _builder_version=&#8220;4.27.3&#8243; _module_preset=&#8220;default&#8220; global_colors_info=&#8220;{}&#8220;][\/et_pb_divider][\/et_pb_column][et_pb_column type=&#8220;1_2&#8243; _builder_version=&#8220;4.27.3&#8243; _module_preset=&#8220;default&#8220; global_colors_info=&#8220;{}&#8220;][et_pb_text _builder_version=&#8220;4.27.3&#8243; _module_preset=&#8220;default&#8220; global_colors_info=&#8220;{}&#8220;]<\/p>\n<p><span style=\"color: #999999;\">Der Ausstellungsraum des Krakauer Haus befindet sich auf der obersten Ebene eines mittelalterlichen Turms und besteht aus zwei architektonisch einzigartigen R\u00e4umen.<\/span><\/p>\n<p><span style=\"color: #999999;\">Die erste Ebene ist ein gro\u00dfz\u00fcgiger Saal mit einem Terrakottaboden, verglasten Fensterw\u00e4nden und zahlreichen sichtbaren Balkenkonstruktionen, die den historischen Charakter des Raumes betonen.<\/span><\/p>\n<p><span style=\"color: #999999;\">Die zweite Ebene bildet das Dachgeschoss, dessen zentrales Element eine \u00d6ffnung ist, die beide Stockwerke optisch miteinander verbindet. Die W\u00e4nde erreichen hier eine H\u00f6he von etwa einem Meter, bevor sie in die schr\u00e4gen Dachfl\u00e4chen \u00fcbergehen, was dem Raum eine intime und atmosph\u00e4rische Wirkung verleiht.<\/span><\/p>\n<p>[\/et_pb_text][\/et_pb_column][\/et_pb_row][et_pb_row _builder_version=&#8220;4.27.3&#8243; _module_preset=&#8220;default&#8220;][et_pb_column _builder_version=&#8220;4.27.3&#8243; _module_preset=&#8220;default&#8220; type=&#8220;4_4&#8243;][et_pb_button button_text=&#8220;ARTIST IN RESIDENCE&#8220; _builder_version=&#8220;4.27.3&#8243; _module_preset=&#8220;default&#8220; button_url=&#8220;https:\/\/www.krakauer-haus.de\/kh-test\/index.php\/artist-in-residence\/&#8220; button_alignment=&#8220;center&#8220; hover_enabled=&#8220;0&#8243; sticky_enabled=&#8220;0&#8243;][\/et_pb_button][\/et_pb_column][\/et_pb_row][et_pb_row _builder_version=&#8220;4.27.3&#8243; _module_preset=&#8220;default&#8220; global_colors_info=&#8220;{}&#8220;][et_pb_column type=&#8220;4_4&#8243; _builder_version=&#8220;4.27.3&#8243; _module_preset=&#8220;default&#8220; global_colors_info=&#8220;{}&#8220;][et_pb_text _builder_version=&#8220;4.27.3&#8243; _module_preset=&#8220;default&#8220; global_colors_info=&#8220;{}&#8220;]<\/p>\n<p><span style=\"color: #999999;\">Fotos: Khrystina Jalowa<\/span><\/p>\n<p>[\/et_pb_text][\/et_pb_column][\/et_pb_row][et_pb_row _builder_version=&#8220;4.27.3&#8243; _module_preset=&#8220;default&#8220; global_colors_info=&#8220;{}&#8220;][et_pb_column type=&#8220;4_4&#8243; _builder_version=&#8220;4.27.3&#8243; _module_preset=&#8220;default&#8220; global_colors_info=&#8220;{}&#8220;][et_pb_gallery gallery_ids=&#8220;11344,11345,11346,11347,11348,11349,11350,11351,11352,11353,11354,11355,11356,11357,11358,11359,11360,11361&#8243; fullwidth=&#8220;on&#8220; _builder_version=&#8220;4.27.3&#8243; _module_preset=&#8220;default&#8220; auto=&#8220;on&#8220; auto_speed=&#8220;2000&#8243; global_colors_info=&#8220;{}&#8220;][\/et_pb_gallery][\/et_pb_column][\/et_pb_row][et_pb_row _builder_version=&#8220;4.27.3&#8243; _module_preset=&#8220;default&#8220; global_colors_info=&#8220;{}&#8220;][et_pb_column type=&#8220;4_4&#8243; _builder_version=&#8220;4.27.3&#8243; _module_preset=&#8220;default&#8220; global_colors_info=&#8220;{}&#8220;][et_pb_text _builder_version=&#8220;4.27.3&#8243; _module_preset=&#8220;default&#8220; global_colors_info=&#8220;{}&#8220;]<\/p>\n<p>1. Etage:<\/p>\n<p>[\/et_pb_text][\/et_pb_column][\/et_pb_row][et_pb_row _builder_version=&#8220;4.27.3&#8243; _module_preset=&#8220;default&#8220; global_colors_info=&#8220;{}&#8220;][et_pb_column type=&#8220;4_4&#8243; _builder_version=&#8220;4.27.3&#8243; _module_preset=&#8220;default&#8220; global_colors_info=&#8220;{}&#8220;][et_pb_image src=&#8220;https:\/\/www.krakauer-haus.de\/kh-test\/wp-content\/uploads\/2025\/02\/KRI_6499-scaled.jpg&#8220; title_text=&#8220;KHRYSTYNA_JALOWA&#8220; _builder_version=&#8220;4.27.3&#8243; _module_preset=&#8220;default&#8220; global_colors_info=&#8220;{}&#8220;][\/et_pb_image][et_pb_image src=&#8220;https:\/\/www.krakauer-haus.de\/kh-test\/wp-content\/uploads\/2025\/02\/KRI_6341-scaled.jpg&#8220; title_text=&#8220;KHRYSTYNA_JALOWA&#8220; _builder_version=&#8220;4.27.3&#8243; _module_preset=&#8220;default&#8220; global_colors_info=&#8220;{}&#8220;][\/et_pb_image][et_pb_image src=&#8220;https:\/\/www.krakauer-haus.de\/kh-test\/wp-content\/uploads\/2025\/02\/KRI_6350-scaled.jpg&#8220; title_text=&#8220;KHRYSTYNA_JALOWA&#8220; _builder_version=&#8220;4.27.3&#8243; _module_preset=&#8220;default&#8220; global_colors_info=&#8220;{}&#8220;][\/et_pb_image][et_pb_image src=&#8220;https:\/\/www.krakauer-haus.de\/kh-test\/wp-content\/uploads\/2025\/02\/KRI_6440-scaled.jpg&#8220; title_text=&#8220;KHRYSTYNA_JALOWA&#8220; _builder_version=&#8220;4.27.3&#8243; _module_preset=&#8220;default&#8220; global_colors_info=&#8220;{}&#8220;][\/et_pb_image][et_pb_text _builder_version=&#8220;4.27.3&#8243; _module_preset=&#8220;default&#8220; global_colors_info=&#8220;{}&#8220;]<\/p>\n<p>2. Etage:<\/p>\n<p>[\/et_pb_text][et_pb_image src=&#8220;https:\/\/www.krakauer-haus.de\/kh-test\/wp-content\/uploads\/2025\/02\/KRI_6568-scaled.jpg&#8220; title_text=&#8220;KHRYSTYNA_JALOWA&#8220; _builder_version=&#8220;4.27.3&#8243; _module_preset=&#8220;default&#8220; global_colors_info=&#8220;{}&#8220;][\/et_pb_image][\/et_pb_column][\/et_pb_row][et_pb_row _builder_version=&#8220;4.27.3&#8243; _module_preset=&#8220;default&#8220; global_colors_info=&#8220;{}&#8220;][et_pb_column type=&#8220;4_4&#8243; _builder_version=&#8220;4.27.3&#8243; _module_preset=&#8220;default&#8220; global_colors_info=&#8220;{}&#8220;][et_pb_image src=&#8220;https:\/\/www.krakauer-haus.de\/kh-test\/wp-content\/uploads\/2025\/02\/KRI_6535-scaled.jpg&#8220; title_text=&#8220;KHRYSTYNA_JALOWA&#8220; _builder_version=&#8220;4.27.3&#8243; _module_preset=&#8220;default&#8220; global_colors_info=&#8220;{}&#8220;][\/et_pb_image][et_pb_image src=&#8220;https:\/\/www.krakauer-haus.de\/kh-test\/wp-content\/uploads\/2025\/02\/KRI_6526-scaled.jpg&#8220; title_text=&#8220;KHRYSTYNA_JALOWA&#8220; _builder_version=&#8220;4.27.3&#8243; _module_preset=&#8220;default&#8220; global_colors_info=&#8220;{}&#8220;][\/et_pb_image][et_pb_image src=&#8220;https:\/\/www.krakauer-haus.de\/kh-test\/wp-content\/uploads\/2025\/02\/KRI_6519-scaled.jpg&#8220; title_text=&#8220;KHRYSTYNA_JALOWA&#8220; _builder_version=&#8220;4.27.3&#8243; _module_preset=&#8220;default&#8220; global_colors_info=&#8220;{}&#8220;][\/et_pb_image][et_pb_image src=&#8220;https:\/\/www.krakauer-haus.de\/kh-test\/wp-content\/uploads\/2025\/02\/KRI_6549-scaled.jpg&#8220; title_text=&#8220;KHRYSTYNA_JALOWA&#8220; _builder_version=&#8220;4.27.3&#8243; _module_preset=&#8220;default&#8220; global_colors_info=&#8220;{}&#8220;][\/et_pb_image][et_pb_image src=&#8220;https:\/\/www.krakauer-haus.de\/kh-test\/wp-content\/uploads\/2025\/02\/Plan_Untergeschoss.jpg&#8220; title_text=&#8220;Plan_Untergeschoss&#8220; _builder_version=&#8220;4.27.3&#8243; _module_preset=&#8220;default&#8220; global_colors_info=&#8220;{}&#8220;][\/et_pb_image][et_pb_image src=&#8220;https:\/\/www.krakauer-haus.de\/kh-test\/wp-content\/uploads\/2025\/02\/Plan_Dachgeschoss.jpg&#8220; title_text=&#8220;Plan_Dachgeschoss&#8220; _builder_version=&#8220;4.27.3&#8243; _module_preset=&#8220;default&#8220; global_colors_info=&#8220;{}&#8220;][\/et_pb_image][\/et_pb_column][\/et_pb_row][et_pb_row _builder_version=&#8220;4.27.3&#8243; _module_preset=&#8220;default&#8220; global_colors_info=&#8220;{}&#8220;][et_pb_column type=&#8220;4_4&#8243; _builder_version=&#8220;4.27.3&#8243; _module_preset=&#8220;default&#8220; global_colors_info=&#8220;{}&#8220;][et_pb_image src=&#8220;https:\/\/www.krakauer-haus.de\/kh-test\/wp-content\/uploads\/2025\/02\/Untitled_Panorama-1-scaled.jpg&#8220; title_text=&#8220;KHRYSTYNA_JALOWA&#8220; _builder_version=&#8220;4.27.3&#8243; _module_preset=&#8220;default&#8220; global_colors_info=&#8220;{}&#8220;][\/et_pb_image][\/et_pb_column][\/et_pb_row][et_pb_row _builder_version=&#8220;4.27.3&#8243; _module_preset=&#8220;default&#8220; global_colors_info=&#8220;{}&#8220;][et_pb_column type=&#8220;4_4&#8243; _builder_version=&#8220;4.27.3&#8243; _module_preset=&#8220;default&#8220; global_colors_info=&#8220;{}&#8220;][et_pb_image src=&#8220;https:\/\/www.krakauer-haus.de\/kh-test\/wp-content\/uploads\/2025\/02\/Untitled_Panorama-2-scaled.jpg&#8220; title_text=&#8220;KHRYSTYNA_JALOWA&#8220; _builder_version=&#8220;4.27.3&#8243; _module_preset=&#8220;default&#8220; global_colors_info=&#8220;{}&#8220;][\/et_pb_image][\/et_pb_column][\/et_pb_row][et_pb_row _builder_version=&#8220;4.27.3&#8243; _module_preset=&#8220;default&#8220; global_colors_info=&#8220;{}&#8220;][et_pb_column type=&#8220;4_4&#8243; _builder_version=&#8220;4.27.3&#8243; _module_preset=&#8220;default&#8220; global_colors_info=&#8220;{}&#8220;][et_pb_text _builder_version=&#8220;4.27.3&#8243; _module_preset=&#8220;default&#8220; global_colors_info=&#8220;{}&#8220;]<\/p>\n<p><span style=\"color: #999999;\">Site-Specific Exhibition Arrangements 2018\u20132024:<\/span><\/p>\n<p>[\/et_pb_text][\/et_pb_column][\/et_pb_row][et_pb_row _builder_version=&#8220;4.27.3&#8243; _module_preset=&#8220;default&#8220; global_colors_info=&#8220;{}&#8220;][et_pb_column type=&#8220;4_4&#8243; _builder_version=&#8220;4.27.3&#8243; _module_preset=&#8220;default&#8220; global_colors_info=&#8220;{}&#8220;][et_pb_gallery gallery_ids=&#8220;11128,11092,10886,10872,10181,10119,9335,9199,9332,9172,9175,9031,9011,8411,8380,8015,8010,7959,7987,7915,7923,6162,6117,6109,6110,5917,5908,4473,3527,3323,2352,11107,10883,10870,10180,10155,10120,9371,9359,9165,9044,9016,9019,9013,8378,8107,8108,7928,7921,7898,7887&#8243; fullwidth=&#8220;on&#8220; _builder_version=&#8220;4.27.3&#8243; _module_preset=&#8220;default&#8220; auto=&#8220;on&#8220; auto_speed=&#8220;2000&#8243; global_colors_info=&#8220;{}&#8220;][\/et_pb_gallery][\/et_pb_column][\/et_pb_row][\/et_pb_section]<\/p>\n","protected":false},"excerpt":{"rendered":"<p>ARTSPACE KRAKAUER HAUSPrzestrze\u0144 wystawowa Krakauer Haus mie\u015bci si\u0119 na najwy\u017cszym poziomie \u015bredniowiecznej baszty i sk\u0142ada si\u0119 z dw\u00f3ch pomieszcze\u0144 o unikalnym charakterze architektonicznym. Pierwsza kondygnacja to przestronna sala z terakotow\u0105 [&hellip;]<\/p>\n","protected":false},"author":2,"featured_media":0,"parent":0,"menu_order":0,"comment_status":"closed","ping_status":"closed","template":"","meta":{"_et_pb_use_builder":"on","_et_pb_old_content":"","_et_gb_content_width":"","_price":"","_stock":"","_tribe_ticket_header":"","_tribe_default_ticket_provider":"","_tribe_ticket_capacity":"0","_ticket_start_date":"","_ticket_end_date":"","_tribe_ticket_show_description":"","_tribe_ticket_show_not_going":false,"_tribe_ticket_use_global_stock":"","_tribe_ticket_global_stock_level":"","_global_stock_mode":"","_global_stock_cap":"","_tribe_rsvp_for_event":"","_tribe_ticket_going_count":"","_tribe_ticket_not_going_count":"","_tribe_tickets_list":"[]","_tribe_ticket_has_attendee_info_fields":false,"footnotes":"","_tec_slr_enabled":"","_tec_slr_layout":""},"class_list":["post-11341","page","type-page","status-publish","hentry"],"ticketed":false,"_links":{"self":[{"href":"https:\/\/www.krakauer-haus.de\/kh-test\/index.php\/wp-json\/wp\/v2\/pages\/11341","targetHints":{"allow":["GET"]}}],"collection":[{"href":"https:\/\/www.krakauer-haus.de\/kh-test\/index.php\/wp-json\/wp\/v2\/pages"}],"about":[{"href":"https:\/\/www.krakauer-haus.de\/kh-test\/index.php\/wp-json\/wp\/v2\/types\/page"}],"author":[{"embeddable":true,"href":"https:\/\/www.krakauer-haus.de\/kh-test\/index.php\/wp-json\/wp\/v2\/users\/2"}],"replies":[{"embeddable":true,"href":"https:\/\/www.krakauer-haus.de\/kh-test\/index.php\/wp-json\/wp\/v2\/comments?post=11341"}],"version-history":[{"count":12,"href":"https:\/\/www.krakauer-haus.de\/kh-test\/index.php\/wp-json\/wp\/v2\/pages\/11341\/revisions"}],"predecessor-version":[{"id":11412,"href":"https:\/\/www.krakauer-haus.de\/kh-test\/index.php\/wp-json\/wp\/v2\/pages\/11341\/revisions\/11412"}],"wp:attachment":[{"href":"https:\/\/www.krakauer-haus.de\/kh-test\/index.php\/wp-json\/wp\/v2\/media?parent=11341"}],"curies":[{"name":"wp","href":"https:\/\/api.w.org\/{rel}","templated":true}]}}